{"id":1207,"date":"2019-09-19T23:19:27","date_gmt":"2019-09-19T21:19:27","guid":{"rendered":"https:\/\/diewg.noblogs.org\/?page_id=1207"},"modified":"2019-10-12T10:50:34","modified_gmt":"2019-10-12T08:50:34","slug":"termine-2","status":"publish","type":"page","link":"https:\/\/diewg.noblogs.org\/it\/termine-2\/","title":{"rendered":"fatti"},"content":{"rendered":"<p><strong>18.10. bis 29.10.2019<br \/>\n<\/strong><strong>SQUATTING DAYS Freiburg<\/strong><\/p>\n<p class=\"moz-quote-pre\">18.10.2019 arrivo<\/p>\n<p class=\"moz-quote-pre\">20.10.2019 incontro aperto<\/p>\n<p class=\"moz-quote-pre\">29.10.2019 dipartita<\/p>\n<p>Das ausf\u00fchrlichere Programm findet ihr bald unter <a href=\"https:\/\/diewg.noblogs.org\/programm\/\">Programm<\/a>.<\/p>\n<p>* Purtroppo finora ci sono state date diverse, questa \u00e8 quella attuale!<\/p>\n<p><strong>25.10.2019 RAVEN GEGEN RECHTSRUCK UND REPRESSION Nachttanzdemo<\/strong> 18:00 Uhr, St\u00fchlingerkirchplatz, Freiburg im Breisgau<\/p>\n<p><strong>07.10.2019 evento informativo Squatting Days (Freiburg)<\/strong><\/p>\n<h3><\/h3>\n<h3><strong>06. 04. 2019 10 Uhr<\/strong><\/h3>\n<h3>Recht auf Stadt Aktionstag \u201eGemeinsam gegen Verdr\u00e4ngung und Mietenwahnsinn\u201c<\/h3>\n<h3>WO? St\u00fchlinger Kirchpark<\/h3>\n<p>W\u00e4hrend dem internationalen Aktionstag, am Samstag den 6. April 2019, finden in vielen St\u00e4dten Demonstrationen und Aktionen statt.<\/p>\n<p>Recht auf Stadt Freiburg fordert die Vergesellschaftung von Wohnraum, anstelle des herrschenden Mietenwahnsinns. Die systematische Verdr\u00e4ngung von Menschen an Randgebiete oder ins Umland ist allt\u00e4gliche Realit\u00e4t, auch in Freiburg. Konkret betroffen sind die Menschen aus dem Stadtteil Metzgergr\u00fcn, weshalb beim Aktionstag entschlossen und solidarisch &#8220;Metzgergr\u00fcn bleibt!&#8221; gefordert wird.<\/p>\n<p>Programm:<\/p>\n<p>Ab 10 Uhr wird es auf dem St\u00fchlinger Kirchpark Infost\u00e4nde geben, gefolgt von einem mietpolitischen Spaziergang um 12:30, der im Metzgergr\u00fcn enden wird. Der Abschluss des Aktionstages ist um 15:30 mit einem Konzert im Metzgergr\u00fcn.<\/p>\n<p>Die Website der lokalen Recht auf Stadt Gruppe Freiburg findet ihr<a href=\"https:\/\/www.rechtaufstadt-freiburg.de\"> hier<\/a>.<\/p>\n<p>&#8212;&#8212;&#8212;&#8212;&#8212;&#8212;&#8212;&#8212;&#8212;&#8212;&#8212;&#8212;&#8212;&#8212;&#8212;&#8212;&#8212;&#8212;&#8212;&#8212;&#8212;&#8212;&#8212;&#8212;&#8212;&#8212;&#8212;&#8212;&#8212;&#8212;&#8212;&#8212;&#8212;&#8212;&#8212;-<\/p>\n<h3>12.04.2019 22 Uhr:<\/h3>\n<h3>WG Soliparty<\/h3>\n<h3>WO?: KTS (Basler Stra\u00dfe 103)<\/h3>\n<h3>Live: REN\u00c9 BINAM\u00c9 | KRAV BOCA | MR MARCAILLE | DJs: Seuchensepp,<br \/>\nacab.ella, Panke&amp;Wollpelz, Iguana<\/h3>\n<p>Mit Anarcho-froufrou-Disko-Punk begl\u00fcckt uns zum Beginn des Abends REN\u00c9<br \/>\nBINAM\u00c9 (Belgien) \u2013 Ein Leckerbissen f\u00fcr Revolutionsromantiker*innen und<br \/>\nFreund*innen des Pogo. MR MARCAILLE aka MR MARKKU aus Lille wird<br \/>\nknackige heavy-freak-cello-sounds auspacken bis euch schlecht wird.<br \/>\nPolit-hip-hop-punk-hardcore f\u00fcr das gro\u00dfe Erwachen kommt von den<br \/>\nknallharten KRAV BOCA aus Toulouse.<br \/>\nHinzu gibt es neben DJ SEUCHENSEPP knasternde \u00dcberraschungen aus dem<br \/>\nFreiburger Untergrund von Ulk und Drama. Iguana, acab.ella, Panke und<br \/>\nWolpe sorgen f\u00fcr weitere Soundkulissen mit politischer und auch<br \/>\nkorrekter Musik auf Turntables und kleinerem Ger\u00e4t. Wie bereits beim<br \/>\nNoStruckture-Event im M\u00e4rz k\u00f6nnte es bei gewissen<br \/>\nDIY-Subkultur-Str\u00f6mungen zu teilweise Nacktheit der K\u00fcnstlerInnen<br \/>\nkommen. Menschen, die das nicht ertragen, k\u00f6nnen sich im<br \/>\nAlternativbereich an guter elektronischer Entspannungsmusik und<br \/>\nhardcore-Kicker-Besteck am\u00fcsieren; f\u00fcr frische Getr\u00e4nke ist auf beiden<br \/>\nFloors gesorgt. Wer \u00fcbergriffig wird fliegt hochkantig. Love<br \/>\nStockfischhaus und Mozart3 \u2013 Hate technische Einheit Bruchsal 1312!<\/p>\n<p>&#8212;&#8212;&#8212;&#8212;&#8212;&#8212;&#8212;&#8212;&#8212;&#8212;&#8212;&#8212;&#8212;&#8212;&#8212;&#8212;&#8212;&#8212;&#8212;&#8212;&#8212;&#8212;&#8212;&#8212;&#8212;&#8212;&#8212;&#8212;&#8212;&#8212;&#8212;&#8212;&#8212;&#8212;&#8212;-<\/p>\n<h3>21. 04. 2019 16 Uhr:<\/h3>\n<h3>Squat Caf\u00e9 KRAAK<\/h3>\n<h3>WO? G19, Gartenstra\u00dfe 19<\/h3>\n<p>Wie jeden 3. Sonntag im Monat findet unser Squat-Cafe mit Kuchen und Kultur statt. Wir kommen zusammen um uns auszutauschen und uns zu vernetzen &#8211; gegen Gentrifizierung und den Ausverkauf dieser Stadt, f\u00fcr mehr besetzte H\u00e4user.<\/p>\n<p>Da die Wintersaison vorbei geht, planen wir das besetzte Haus in der Gartenstra\u00dfe 19 daf\u00fcr zu beleben. Vielleicht gibt es ja auch bald weitere Squats in Freiburg haltet die Augen offen und eure Brecheisen bereit!<\/p>\n<p>&#8212;&#8212;&#8212;&#8212;&#8212;&#8212;&#8212;&#8212;&#8212;&#8212;&#8212;&#8212;&#8212;&#8212;&#8212;&#8212;&#8212;&#8212;&#8212;&#8212;&#8212;&#8212;&#8212;&#8212;&#8212;&#8212;&#8212;&#8212;&#8212;&#8212;&#8212;&#8212;&#8212;&#8212;&#8212;&#8212;&#8212;&#8212;&#8212;<\/p>\n<h3>18.05.2019 15 Uhr:<\/h3>\n<h3>Demonstration: Alle gegen Verdr\u00e4ngung und steigende Mieten! F\u00fcr eine solidarische Stadt.<\/h3>\n<h3>WO? Platz der Alten Synagoge<\/h3>\n","protected":false},"excerpt":{"rendered":"<p>18.10. bis 29.10.2019 SQUATTING DAYS Freiburg 18.10.2019 arrivo 20.10.2019 incontro aperto 29.10.2019 dipartita Das ausf\u00fchrlichere Programm findet ihr bald unter Programm. * Purtroppo finora ci sono state date diverse, questa \u00e8 quella attuale! 25.10.2019 RAVEN GEGEN RECHTSRUCK UND REPRESSION Nachttanzdemo 18:00 Uhr, St\u00fchlingerkirchplatz, Freiburg im Breisgau 07.10.2019 evento informativo Squatting Days (Freiburg) 06. 04. 2019 &hellip; <\/p>\n<p class=\"link-more\"><a href=\"https:\/\/diewg.noblogs.org\/it\/termine-2\/\" class=\"more-link\">Leggi tutto<span class=\"screen-reader-text\"> &#8220;fatti&#8221;<\/span><\/a><\/p>\n","protected":false},"author":13310,"featured_media":0,"parent":0,"menu_order":0,"comment_status":"closed","ping_status":"closed","template":"","meta":{"_locale":"it_IT","_original_post":"35","footnotes":""},"class_list":["post-1207","page","type-page","status-publish","hentry","it-IT"],"_links":{"self":[{"href":"https:\/\/diewg.noblogs.org\/wp-json\/wp\/v2\/pages\/1207","targetHints":{"allow":["GET"]}}],"collection":[{"href":"https:\/\/diewg.noblogs.org\/wp-json\/wp\/v2\/pages"}],"about":[{"href":"https:\/\/diewg.noblogs.org\/wp-json\/wp\/v2\/types\/page"}],"author":[{"embeddable":true,"href":"https:\/\/diewg.noblogs.org\/wp-json\/wp\/v2\/users\/13310"}],"replies":[{"embeddable":true,"href":"https:\/\/diewg.noblogs.org\/wp-json\/wp\/v2\/comments?post=1207"}],"version-history":[{"count":6,"href":"https:\/\/diewg.noblogs.org\/wp-json\/wp\/v2\/pages\/1207\/revisions"}],"predecessor-version":[{"id":1658,"href":"https:\/\/diewg.noblogs.org\/wp-json\/wp\/v2\/pages\/1207\/revisions\/1658"}],"wp:attachment":[{"href":"https:\/\/diewg.noblogs.org\/wp-json\/wp\/v2\/media?parent=1207"}],"curies":[{"name":"wp","href":"https:\/\/api.w.org\/{rel}","templated":true}]}}