{"id":1557,"date":"2019-09-27T16:12:14","date_gmt":"2019-09-27T14:12:14","guid":{"rendered":"https:\/\/diewg.noblogs.org\/?page_id=1557"},"modified":"2019-09-27T16:12:14","modified_gmt":"2019-09-27T14:12:14","slug":"forderungen","status":"publish","type":"page","link":"https:\/\/diewg.noblogs.org\/fr\/forderungen\/","title":{"rendered":"Die WG"},"content":{"rendered":"<p>Die WG veut des logements, et cela pour tous!<\/p>\n<p>Ce n&rsquo;est pas possible que Fribourg est une ville ou il y a plus de mille personnes sans abri juste \u00e0 cot\u00e9 des nombreux maisons et appartements abandonn\u00e9es et inoccup\u00e9es!<\/p>\n<p>Elles et ils font chier, les propri\u00e9tair.\u00e8.s qui r\u00e9silient les bails des locateurs et locataires pour usage personel mais en vrai pour assainir des immeubles et puis les vendre de nouveau comme villas de luxe pour des raisons de pouvoir et profit.<\/p>\n<p>Pas possible que des habitant.e.s des quartiers entiers se font d\u00e9plac\u00e9.e.s \u00e0 cause de gentrification \u00e0 la p\u00e9riph\u00e9rie.<\/p>\n<p>Die WG veut visualiser ces injustices, reprendre les logements, et les mettre \u00e0 disposition aux gens qui en ont besoin. Die WG demande plus de participation concernant la ville et la politique de logements, pour que la cr\u00e9ation de logement puisse s&rsquo;adapter \u00e0 la r\u00e9alit\u00e9 de vie des habitant.e.s \u00e0 la place des chateaux de nouages de l&rsquo;\u00e9conomie de libre-march\u00e9.<\/p>\n<p>Die WG veut cr\u00e9er des logements!<\/p>\n","protected":false},"excerpt":{"rendered":"<p>Die WG veut des logements, et cela pour tous! Ce n&rsquo;est pas possible que Fribourg est une ville ou il y a plus de mille personnes sans abri juste \u00e0 cot\u00e9 des nombreux maisons et appartements abandonn\u00e9es et inoccup\u00e9es! Elles et ils font chier, les propri\u00e9tair.\u00e8.s qui r\u00e9silient les bails des locateurs et locataires pour &hellip; <\/p>\n<p class=\"link-more\"><a href=\"https:\/\/diewg.noblogs.org\/fr\/forderungen\/\" class=\"more-link\">Continuer la lecture<span class=\"screen-reader-text\"> de &laquo;&nbsp;Die WG&nbsp;&raquo;<\/span><\/a><\/p>\n","protected":false},"author":13310,"featured_media":0,"parent":0,"menu_order":0,"comment_status":"closed","ping_status":"closed","template":"","meta":{"_locale":"fr_FR","_original_post":"38","footnotes":""},"class_list":["post-1557","page","type-page","status-publish","hentry","fr-FR"],"_links":{"self":[{"href":"https:\/\/diewg.noblogs.org\/wp-json\/wp\/v2\/pages\/1557","targetHints":{"allow":["GET"]}}],"collection":[{"href":"https:\/\/diewg.noblogs.org\/wp-json\/wp\/v2\/pages"}],"about":[{"href":"https:\/\/diewg.noblogs.org\/wp-json\/wp\/v2\/types\/page"}],"author":[{"embeddable":true,"href":"https:\/\/diewg.noblogs.org\/wp-json\/wp\/v2\/users\/13310"}],"replies":[{"embeddable":true,"href":"https:\/\/diewg.noblogs.org\/wp-json\/wp\/v2\/comments?post=1557"}],"version-history":[{"count":1,"href":"https:\/\/diewg.noblogs.org\/wp-json\/wp\/v2\/pages\/1557\/revisions"}],"predecessor-version":[{"id":1558,"href":"https:\/\/diewg.noblogs.org\/wp-json\/wp\/v2\/pages\/1557\/revisions\/1558"}],"wp:attachment":[{"href":"https:\/\/diewg.noblogs.org\/wp-json\/wp\/v2\/media?parent=1557"}],"curies":[{"name":"wp","href":"https:\/\/api.w.org\/{rel}","templated":true}]}}