{"id":1282,"date":"2019-09-20T13:28:00","date_gmt":"2019-09-20T11:28:00","guid":{"rendered":"https:\/\/diewg.noblogs.org\/?page_id=1282"},"modified":"2019-10-22T18:48:01","modified_gmt":"2019-10-22T16:48:01","slug":"programm","status":"publish","type":"page","link":"https:\/\/diewg.noblogs.org\/fr\/programm\/","title":{"rendered":"agenda"},"content":{"rendered":"<p class=\"moz-quote-pre\" style=\"text-align: left\">Agenda pour les journ\u00e9es intersquat avec tous les \u00e9venements publics, ateliers, pr\u00e9sentations, spectacles et plus encore. On continuera d&rsquo;actualiser l&rsquo;agenda au fil des jours.<br \/>\nSi vous voulez ajouter des \u00e9venements au programme, \u00e9crivez (en chiffrant si possible) \u00e0 l&rsquo;adresse: squattingfreiburg(at)riseup(point)net<br \/>\n(<a href=\"https:\/\/diewg.noblogs.org\/fr\/kontakt\/\">cl\u00e9 PGP<\/a>)<\/p>\n<hr \/>\n<p>La pluplart des \u00e9v\u00e8nements ont lieu au KTS, dans la Basler Stra\u00dfe 103 \u00e0 Freiburg-im-Breigau (2h30 de Nancy). Sinon le lieu est pr\u00e9cis\u00e9.<strong><br \/>\nInformations sur tous les lieux d&rsquo;\u00e9v\u00e9nements ci-dessous<br \/>\n<\/strong><\/p>\n<p>&nbsp;<\/p>\n<p><strong>Mardi 22\/10<\/strong><\/p>\n<p>13h \u2013 14h \/\/ Heure de consultation d&rsquo;action autonome \/\/ KTS<br \/>\n<span class=\"author-a-z78zz122zjz85zz80zvz78zz122zz68zz90zz86zsmz72zz65z7\">Your affinity group is planning a small group action, but there are still things\u00a0 remaining unclear? You don&rsquo;t know your way around in the city? The action consulation hour offers a space to exchange Freiburg specific infos and talk about the legal situation and possible consequences. We&rsquo;re no lawyers, but we know Freiburg and will have info material. We are looking forward to you dropping by! Preparation is more than a good start.<\/span><\/p>\n<p><strong>18h &#8211; 22 Uhr \/\/ Squat Caf\u00e9 \/\/ F\u00f6Ca <\/strong><br \/>\nDas letzte selbstverwaltete Caf\u00e9 der Universit\u00e4t Freiburg l\u00e4dt ein. Input zur Geschichte des F\u00f6Ca, offener Austausch und einfach nur Chillen: Wieso ist das F\u00f6Ca das einzige seiner Art? Wie k\u00f6nnen Freir\u00e4ume an der Universit\u00e4t politisch gestaltet und mehr werden? Erfahrungen, Ideen, Vernetzung&#8230; Wir freuen uns besonders \u00fcber Menschen aus anderen Fakult\u00e4ten und nicht-universit\u00e4ren Kontexten. Schnuppert rein, genie\u00dft mit uns ein k\u00fchles Getr\u00e4nk, fl\u00e4zt auf der Couch oder w\u00e4rmt euch einfach nur bei einem Tee auf.<\/p>\n<p>19h \/\/ Discussion \/\/ Etat des lieux du proc\u00e8s de linksunten.indymedia.org<\/p>\n<p>21h \/\/ Concerts \/\/ Hadji Ahmed und Fr\u00fcchte des Zorns (FAU-Soli) + 23h Boom<\/p>\n<p><strong>Mercredi 23\/10<\/strong><\/p>\n<p>17h \/\/ Rencontres ouvertes \/\/ KTS<\/p>\n<p>20h \/\/ Pr\u00e9sentation de livre \/\/ \u00ab\u00a0Intelligence artificielle \u2013 manipulation num\u00e9rique\u00a0\u00bb avec le collectif d\u2019auteur Capulcu<\/p>\n<p>21h30 \/\/ Concerts\/\/ DR MOKSHA (indy), Hedvig (Metal), Blank\u00a0! (Punk\/Hardcore), Sound of smoke (rauchfrei)<\/p>\n<p>22h30 \/\/ Film \u2013 Discussion \/\/ \u00ab\u00a0La r\u00e9pression a des nombreux visages\u00a0\u00bb<\/p>\n<p><strong>Jeudi 24\/10<\/strong><\/p>\n<p>17h \/\/ Discussion \/\/ \u00ab\u00a0Le pire contre-sommet de tous les temps \u2013 G7 2017 au Pays-Basque\u00a0\u00bb (all \u2013 anglais)<\/p>\n<p>19h \/\/ Finissage \u201eVibesbilder\u201c LocArtista \/\/ Jos Fritz Caf\u00e9<br \/>\nLetzter Abend im Rahmen der Ausstellung \u201eVibesbilder\u201c vom LocArtista Festival und gleichzeitig erstes K\u00fcnstlerinnen*-Caf\u00e9. Zum Kennenlernen, spontanen Pl\u00e4neschmieden oder Herzaussch\u00fctten f\u00fcr alle kunstschaffenden und kunstinteressierten Frauen*.<\/p>\n<p>19h \/\/ strategies of the climate (justice) movement &#8211; a critical discussion about Extinction Rebellion \/\/ Kyosk<br \/>\nDiscussion based on texts from media and political groups about XR, it&rsquo;s goals, perspectives and how an anarchist perspective on it might look like.Afterwards: Rote Hilfe bar (left wing anti repression solidarity network bar)<\/p>\n<p>21h30 \/\/ Concerts \/\/ ZE KVRTS (zad-sounds) + Taste Freeze (Punk\/Hardcore) + Rat.Ten (Punk), Peels (Punk), Jimmy (Cliffhanger), Satan\u2019sShoeShop (satans brew), femBPM (feminist music)<\/p>\n<p><strong>Vendredi 25\/10<\/strong><\/p>\n<p>18h \/\/ Manif dansante nocturne\u00a0: Rave contre la droite et la r\u00e9pressions<br class=\"autobr\" \/><strong>D\u00e9part \u00e0 St\u00fchlingerplatz<\/strong><\/p>\n<p>23h \/\/ AFTER\/\/ TH_WOOFA + support<\/p>\n<p><strong>Samedi 26\/10 <\/strong><\/p>\n<p>Journ\u00e9e d\u2019action surprise<\/p>\n<p>13h \/\/ Pr\u00e9sentation de la Campagne de squat \u00ab\u00a0Frei(t)r\u00e4ume\u00a0\u00bb<\/p>\n<p>15h \/\/ Workshop \/\/ Collectif ignite\u00a0! \/\/ Let\u2019s talk about gender, baby\u00a0!<br class=\"autobr\" \/><i>Petite introduction au f\u00e9minisme, genre et pratique antisexiste<br class=\"autobr\" \/>Le lieu sera annonc\u00e9 prochainement \/\/ lieu spontan\u00e9ment annonc\u00e9<br \/>\n<\/i><\/p>\n<p>18h Radical Cheerleading<\/p>\n<p>19h \/\/ Film et discussion \/\/ Deckname Jenny<\/p>\n<p><strong>Dimanche 27\/10<\/strong><\/p>\n<p>Eventuellement pique-nique punk sur la place de la cath\u00e9drale<\/p>\n<p>&nbsp;<\/p>\n<h1><strong>*** Lieux d&rsquo;\u00e9v\u00e9nements ***<\/strong><\/h1>\n<p><strong> F\u00f6Ca<\/strong> &#8211; F\u00f6rstercaf\u00e9, Herderbau 1.0G, Tennenbacher Stra\u00dfe 4<\/p>\n<p><strong>fz*<\/strong> &#8211; feministisches Zentrum, espace FLINT*, c&rsquo;est un centre ouvert \u00e0 tous les genres sauf Hommes-cis, Grethergel\u00e4nde 20, 79098 Freiburg, <a href=\"https:\/\/tacker.fr\/node\/1396\">carte <\/a><\/p>\n<p><strong>G19<\/strong> &#8211; Gartenstra\u00dfe 19, <span class=\"postal-code\">79098<\/span> <span class=\"locality\">Freiburg, <a href=\"https:\/\/tacker.fr\/node\/1394\">carte<\/a><\/span><\/p>\n<p><strong>Jos Fritz Caf\u00e9<\/strong> &#8211; Wilhelmstra\u00dfe 15, 79098 Freiburg, <a href=\"https:\/\/www.openstreetmap.org\/way\/108601938\">carte<\/a><strong><br \/>\n<\/strong><\/p>\n<p><strong>KTS<\/strong> &#8211; Kultur Treff in Selbstverwaltung &#8211; Centre Autonome, Baslerstr. 103, 79100 Freiburg <a href=\"https:\/\/www.openstreetmap.org\/node\/1585816424\">carte <\/a><\/p>\n<p><strong> Kyosk <\/strong>&#8211; aka Interym, Adlerstr. 2, <span class=\"postal-code\">79098<\/span> <span class=\"locality\">Freiburg<\/span>, <a href=\"https:\/\/tacker.fr\/node\/1410\">carte<\/a><\/p>\n<p><strong>M\u00fcnster-Cath\u00e9drale<\/strong> &#8211; M\u00fcnsterplatz, 79098 Freiburg, <a href=\"https:\/\/www.openstreetmap.org\/way\/110404213#map=19\/47.99554\/7.85289\">carte<\/a><\/p>\n<p><strong>St\u00fchlingerkirchplatz<\/strong> &#8211; D\u00e9but de la manif nocturne du 25.10. \u2013 St\u00fchlingerkirchplatz, 79106 Freiburg, <a href=\"https:\/\/www.openstreetmap.org\/way\/23226931#map=18\/47.99690\/7.83777\">carte<\/a><\/p>\n<hr \/>\n<p>pass\u00e9<\/p>\n<p><strong>Mercredi 16\/10<\/strong><\/p>\n<p>18h \/\/ Discussion \/\/ Comment fonctionne la gentrification et que peut-on faire contre\u00a0? (Droit \u00e0 la ville)<\/p>\n<p>19h30 \/\/ Film \/\/ \u00ab\u00a0Freiburg Freiraumk\u00e4mpfe\u00a0!\u00a0\u00bb<\/p>\n<p>\/\/ Concerts \/\/\u00a0V\u00e9to Noir (dark post pop) | First Spring (Punk) | congreed | The Cavities, Cockroach Planet<\/p>\n<p><strong>Jeudi 17\/10<\/strong><\/p>\n<p>20h \/\/ Discussion \/\/ Extinction Rebellion vs. Diversit\u00e9 des tactiques (anglais)<\/p>\n<p>\/\/ Concerts \/\/ seafood shows\u00a0: Lassie (synth. Garage, Leipzig) De Klumb (weird flute, Leipzig) Lobster Lobster (powerpop, F***burg)<\/p>\n<p><strong>Vendredi 18\/10 <\/strong><\/p>\n<p>15h &#8211; 18h \/\/ Workshop \/\/ Hangry zine :\u00a0: \u00ab\u00a0D.I.T. workshop :\u00a0: Let\u2019s destroy body norms\u00a0!\u00a0\u00bb<\/p>\n<p>17h30 \/\/ Balade cr\u00e9ative dans la ville \/\/ (RDV au squat G19)<br class=\"autobr\" \/><i>Pour le d\u00e9but des Squatting Days nous souhaitons visibiliser la situation pr\u00e9caire du logement dans Fribourg avec une petite balade. Amenez-vos ami.e.s avec vous et laissez libre cours \u00e0 votre cr\u00e9ativit\u00e9\u00a0!<\/i><\/p>\n<p>\/\/ Concerts\u00a0\/\/ Infoladen-Geburtstag Low-end Models Dog Dimension Der ganze Rest Guts Pie Earshot<\/p>\n<p><strong>Samedi 19\/10<\/strong><\/p>\n<p>14h Atelier bricolage<br class=\"autobr\" \/><i>Samedi nous voulons peindre, bricoler et construire ensemble pour les Squatting Days. Venez et amenez du matos si vous voulez\u00a0!<\/i><\/p>\n<p>19h \/\/ Soir\u00e9e info \/\/ Groupe Antirep \u2013 KTS<br class=\"autobr\" \/>\u00ab\u00a0Que faire quand ca br\u00fble\u00a0?\u00a0\u00bb<\/p>\n<p>19h \/\/ Discussion \/\/ You can\u2019t evict solidarity (EkiB)<br class=\"autobr\" \/><i>\u00ab\u00a0You can\u2019t evict solidarity\u00a0\u00bb est une campagne contre la r\u00e9pression. Elle a \u00e9t\u00e9 initi\u00e9e en soutien des personnes poursuivies suite aux expulsions des maisons occup\u00e9es en soutien aux migrant.e.s \u00e0 Thessalonique (Gr\u00e8ce) en 2016\/2017 et aux manifestations qui ont suivies. Depuis nous soutenons diverses personnes de mouvements antiracistes et de luttes pro-migrant.e.s touch\u00e9es par la r\u00e9pressions aux fronti\u00e8res europ\u00e9ennes ext\u00e9rieures. <\/i><\/p>\n<p>23h \/\/ Dub-Club \/\/ Digital Steppaz &amp; ECHOLOT &amp; Feministischer Rap \u2013 2nd floor\u00a0: REN\u00c9_BINAM\u00c8 + support 20:30<\/p>\n<p><strong>Dimanche 20\/10<\/strong><\/p>\n<p>10h \u2013 15h Skills for Action Training + Atelier bricolage<\/p>\n<p>14h-17h Atelier s\u00e9rigraphie<\/p>\n<p>17h \/\/ Pleni\u00e8re au KTS ouverte \u00e0 tou.te.s \/\/Assembl\u00e9e d\u2019infos, \u00e9changes, organisation, autogestion pour les Squatting Days<\/p>\n<p>19h \/\/ Th\u00e9\u00e2tre d\u2019improvisation \/\/ Spontan Brutal<\/p>\n<p><strong>Lundi 21\/10<\/strong><\/p>\n<p><i>15h-19h Rallye f\u00e9ministe en ville <br class=\"autobr\" \/>Viens d\u00e9couvrir la ville\u00a0! Entre 15 et 19h nous allons visiter diff\u00e9rents points du centre ville et au quartier St\u00fchlinger et faire preuve de cr\u00e9ativit\u00e9\u00a0!<strong> Le rdv est au squat G19 (Gartenstr. 19)<\/strong>. De l\u00e0 nous partirons pour plusieurs stations. A 19h30 il y aura une remise des prix au KTS.<br class=\"autobr\" \/>On se r\u00e9jouit de votre venue\u00a0!<\/i><\/p>\n<p>19h30 \/\/ Remise des prix du Rallye f\u00e9ministe au KTS<\/p>\n<p>20h \/\/ Discussion \/\/ radar.squat.net (anglais)<\/p>\n<p>20h- 21h30\u00a0\/\/ Danse contemporaine et improvisation LGBT* (Listen to dance) \/\/ <strong>au Centre F\u00e9ministe<\/strong><\/p>\n<p>21h30 \/\/ Discussion \/\/ Squatter aux Pays-Bas (anglais)<\/p>\n<p>22h30 \/\/ Film\/\/ Freiburger Freiraumk\u00e4mpfe II<\/p>\n<p>&nbsp;<\/p>\n","protected":false},"excerpt":{"rendered":"<p>Agenda pour les journ\u00e9es intersquat avec tous les \u00e9venements publics, ateliers, pr\u00e9sentations, spectacles et plus encore. On continuera d&rsquo;actualiser l&rsquo;agenda au fil des jours. Si vous voulez ajouter des \u00e9venements au programme, \u00e9crivez (en chiffrant si possible) \u00e0 l&rsquo;adresse: squattingfreiburg(at)riseup(point)net (cl\u00e9 PGP) La pluplart des \u00e9v\u00e8nements ont lieu au KTS, dans la Basler Stra\u00dfe 103 &hellip; <\/p>\n<p class=\"link-more\"><a href=\"https:\/\/diewg.noblogs.org\/fr\/programm\/\" class=\"more-link\">Continuer la lecture<span class=\"screen-reader-text\"> de &laquo;&nbsp;agenda&nbsp;&raquo;<\/span><\/a><\/p>\n","protected":false},"author":13310,"featured_media":0,"parent":0,"menu_order":0,"comment_status":"closed","ping_status":"closed","template":"","meta":{"_locale":"fr_FR","_original_post":"1279","footnotes":""},"class_list":["post-1282","page","type-page","status-publish","hentry","fr-FR"],"_links":{"self":[{"href":"https:\/\/diewg.noblogs.org\/wp-json\/wp\/v2\/pages\/1282","targetHints":{"allow":["GET"]}}],"collection":[{"href":"https:\/\/diewg.noblogs.org\/wp-json\/wp\/v2\/pages"}],"about":[{"href":"https:\/\/diewg.noblogs.org\/wp-json\/wp\/v2\/types\/page"}],"author":[{"embeddable":true,"href":"https:\/\/diewg.noblogs.org\/wp-json\/wp\/v2\/users\/13310"}],"replies":[{"embeddable":true,"href":"https:\/\/diewg.noblogs.org\/wp-json\/wp\/v2\/comments?post=1282"}],"version-history":[{"count":19,"href":"https:\/\/diewg.noblogs.org\/wp-json\/wp\/v2\/pages\/1282\/revisions"}],"predecessor-version":[{"id":2155,"href":"https:\/\/diewg.noblogs.org\/wp-json\/wp\/v2\/pages\/1282\/revisions\/2155"}],"wp:attachment":[{"href":"https:\/\/diewg.noblogs.org\/wp-json\/wp\/v2\/media?parent=1282"}],"curies":[{"name":"wp","href":"https:\/\/api.w.org\/{rel}","templated":true}]}}