{"id":1169,"date":"2019-09-19T17:50:53","date_gmt":"2019-09-19T15:50:53","guid":{"rendered":"https:\/\/diewg.noblogs.org\/?page_id=1169"},"modified":"2019-10-18T17:12:52","modified_gmt":"2019-10-18T15:12:52","slug":"fr-translations","status":"publish","type":"page","link":"https:\/\/diewg.noblogs.org\/fr\/fr-translations\/","title":{"rendered":"Bienvenue"},"content":{"rendered":"<div><a href=\"https:\/\/diewg.noblogs.org\/fr\/live-ticker-fr\/\">\u00a0Ici on trouve le LiveTicker pur les SquattingDays Freiburg.<\/a><\/div>\n<div><\/div>\n<p>&nbsp;<\/p>\n<hr \/>\n<div id=\"magicdomid2\" class=\"ace-line\"><span class=\"author-a-z82zz79zripz90zz80zdsdz78z5z74z3z76zj\">Ch\u00e8res ami\u00b7es des ouvertures de squats, d\u2018actions directes, des<\/span><\/div>\n<div id=\"magicdomid3\" class=\"ace-line\"><span class=\"author-a-z82zz79zripz90zz80zdsdz78z5z74z3z76zj\">rencontres de luttes et de la solidarit\u00e9,<\/span><\/div>\n<div><\/div>\n<div id=\"magicdomid4\" class=\"ace-line\"><span class=\"author-a-z82zz79zripz90zz80zdsdz78z5z74z3z76zj\">Les squatting days approchent \u00e0 grands pas et on se pr\u00e9pare intens\u00e9ment!<\/span><\/div>\n<div><\/div>\n<div id=\"magicdomid5\" class=\"ace-line\"><span class=\"author-a-z82zz79zripz90zz80zdsdz78z5z74z3z76zj\">Les structures pr\u00e9vues sont presque toutes en place \u2013\u2026 pour que les<\/span><\/div>\n<div id=\"magicdomid6\" class=\"ace-line\"><span class=\"author-a-z82zz79zripz90zz80zdsdz78z5z74z3z76zj\">squatting-days soient un succ\u00e8s, on a besoin de votre aide. Nous nous<\/span><\/div>\n<div id=\"magicdomid7\" class=\"ace-line\"><span class=\"author-a-z82zz79zripz90zz80zdsdz78z5z74z3z76zj\">rejouissons de vos retours et de vos id\u00e9es et aussi si vous pouvez<\/span><\/div>\n<div id=\"magicdomid8\" class=\"ace-line\"><span class=\"author-a-z82zz79zripz90zz80zdsdz78z5z74z3z76zj\">prendre en main des petits jobs pr\u00e9vus.<\/span><\/div>\n<div><\/div>\n<div id=\"magicdomid9\" class=\"ace-line\"><span class=\"author-a-z82zz79zripz90zz80zdsdz78z5z74z3z76zj\">Ici vous trouvez les <a href=\"https:\/\/diewg.noblogs.org\/fr\/orga\/\">structures<\/a> et le <a href=\"https:\/\/diewg.noblogs.org\/fr\/programm\/\">programme.<\/a><\/span><\/div>\n<div><\/div>\n<div id=\"magicdomid10\" class=\"ace-line\"><span class=\"author-a-z82zz79zripz90zz80zdsdz78z5z74z3z76zj\">Le mieux c\u2018est de passer au point info du KTS en atterissant \u00e0 Freiburg<\/span><\/div>\n<div id=\"magicdomid11\" class=\"ace-line\"><span class=\"author-a-z82zz79zripz90zz80zdsdz78z5z74z3z76zj\">(Basler Stra\u00dfe 103, <a href=\"https:\/\/www.kts-freiburg.org\/?rubrique47\">plus d\u2018infos se trouvent ici<\/a>). Le point info sera<\/span><\/div>\n<div id=\"magicdomid12\" class=\"ace-line\"><span class=\"author-a-z82zz79zripz90zz80zdsdz78z5z74z3z76zj\">occup\u00e9 \u00e0 partir de vendredi \u00e0 14:00.<\/span><\/div>\n<div id=\"magicdomid13\" class=\"ace-line\"><span class=\"author-a-z82zz79zripz90zz80zdsdz78z5z74z3z76zj\">Au point info, vous pourrez avoir toutes les informations pratiques,<\/span><\/div>\n<div id=\"magicdomid14\" class=\"ace-line\"><span class=\"author-a-z82zz79zripz90zz80zdsdz78z5z74z3z76zj\">comment aider, les infos antirepression et les infos o\u00f9 dormir. Passe<\/span><\/div>\n<div id=\"magicdomid15\" class=\"ace-line\"><span class=\"author-a-z82zz79zripz90zz80zdsdz78z5z74z3z76zj\">nous voir pour t\u2018informer aussi sur les structures et le contexte local.<\/span><\/div>\n<div id=\"magicdomid16\" class=\"ace-line\"><span class=\"author-a-z82zz79zripz90zz80zdsdz78z5z74z3z76zj\">Pour les piaules tu peux aussi nous \u00e9crire en amont.<\/span><\/div>\n<div><\/div>\n<div id=\"magicdomid17\" class=\"ace-line\"><span class=\"author-a-z82zz79zripz90zz80zdsdz78z5z74z3z76zj\">Notre d\u00e9marrage commun sera une ballade en ville cr\u00e9ative a.p. de 17:30.<\/span><\/div>\n<div id=\"magicdomid18\" class=\"ace-line\"><span class=\"author-a-z82zz79zripz90zz80zdsdz78z5z74z3z76zj\">On se donne rendez-vous au squat G19 (Gartenstra\u00dfe 19). Si vous<\/span><\/div>\n<div id=\"magicdomid19\" class=\"ace-line\"><span class=\"author-a-z82zz79zripz90zz80zdsdz78z5z74z3z76zj\">atterrissez avant, il-y-a des ateliers pr\u00e9vus. Plus d\u2018infos se<\/span><\/div>\n<div id=\"magicdomid20\" class=\"ace-line\"><span class=\"author-a-z82zz79zripz90zz80zdsdz78z5z74z3z76zj\">trouveront dans le programme.<\/span><\/div>\n<div><\/div>\n<div id=\"magicdomid21\" class=\"ace-line\"><span class=\"author-a-z82zz79zripz90zz80zdsdz78z5z74z3z76zj\">De plus ce serait trop cool d\u2018ammener les choses suivantes (et d\u2018autres):<\/span><\/div>\n<ul>\n<li style=\"list-style-type: none\">\n<ul>\n<li><span class=\"author-a-z82zz79zripz90zz80zdsdz78z5z74z3z76zj\">du matos premiers-secours et des personnes cal\u00e9es en soins<\/span><\/li>\n<li id=\"magicdomid23\" class=\"ace-line\"><span class=\"author-a-z82zz79zripz90zz80zdsdz78z5z74z3z76zj\">\u00a0des outils<\/span><\/li>\n<li id=\"magicdomid24\" class=\"ace-line\"><span class=\"author-a-z82zz79zripz90zz80zdsdz78z5z74z3z76zj\">du bois et d\u2018autres mat\u00e9riaux<\/span><\/li>\n<li id=\"magicdomid25\" class=\"ace-line\"><span class=\"author-a-z82zz79zripz90zz80zdsdz78z5z74z3z76zj\">du matos pour dormir (cacs de couchage, tentes\u2026)<\/span><\/li>\n<li id=\"magicdomid26\" class=\"ace-line\"><span class=\"author-a-z82zz79zripz90zz80zdsdz78z5z74z3z76zj\">plein de monde motiv\u00e9 et de la bonne humeur!<\/span><\/li>\n<\/ul>\n<\/li>\n<\/ul>\n<div id=\"magicdomid27\" class=\"ace-line\"><span class=\"author-a-z82zz79zripz90zz80zdsdz78z5z74z3z76zj\">Reflechissez aussi si vous voulez encore caler des<\/span><\/div>\n<div id=\"magicdomid28\" class=\"ace-line\"><span class=\"author-a-z82zz79zripz90zz80zdsdz78z5z74z3z76zj\">interventions\/at\u00e9liers au programme. Il-y-a d\u00e9j\u00e0 plein de choses<\/span><\/div>\n<div id=\"magicdomid29\" class=\"ace-line\"><span class=\"author-a-z82zz79zripz90zz80zdsdz78z5z74z3z76zj\">pr\u00e9vues, mais le plus de diversit\u00e9 il-y-aura, le mieux ce sera.<\/span><\/div>\n<div><\/div>\n<div id=\"magicdomid30\" class=\"ace-line\"><span class=\"author-a-z82zz79zripz90zz80zdsdz78z5z74z3z76zj\">En tous cas nous sommes tr\u00e8s motiv\u00e9\u00b7es et exit\u00e9\u00b7es de passer ces<\/span><\/div>\n<div id=\"magicdomid31\" class=\"ace-line\"><span class=\"author-a-z82zz79zripz90zz80zdsdz78z5z74z3z76zj\">squatting-days avec vous et de mettre un peu de d\u00e9sordre dans la<\/span><\/div>\n<div id=\"magicdomid32\" class=\"ace-line\"><span class=\"author-a-z82zz79zripz90zz80zdsdz78z5z74z3z76zj\">ville-vert-propre de for\u00e8t noire.<\/span><\/div>\n<div><\/div>\n<div id=\"magicdomid33\" class=\"ace-line\"><span class=\"author-a-z82zz79zripz90zz80zdsdz78z5z74z3z76zj\">Ab bientot linksunten \u00e0 Freiburg!<\/span><\/div>\n<div id=\"magicdomid34\" class=\"ace-line\"><\/div>\n<div id=\"magicdomid35\" class=\"ace-line\"><span class=\"author-a-z82zz79zripz90zz80zdsdz78z5z74z3z76zj\">Bises &#8211; la WG<\/span><\/div>\n<p>&nbsp;<\/p>\n<p>&nbsp;<\/p>\n<hr \/>\n<p>&nbsp;<\/p>\n<p class=\"moz-quote-pre\">Notre page francophone est encore en construction, soyez patient\u00b7es s&rsquo;il manque encore des choses. On ne sera pas en capacit\u00e9 de tout traduire vers le francais mais on fera tout pour que toutes les informations importantes s&rsquo;y trouvent. Si vous avez des questions sp\u00e9cifiques, contactez-nous.<\/p>\n<p>On se voit dans la rue et dans les maisons!<\/p>\n","protected":false},"excerpt":{"rendered":"<p>\u00a0Ici on trouve le LiveTicker pur les SquattingDays Freiburg. &nbsp; Ch\u00e8res ami\u00b7es des ouvertures de squats, d\u2018actions directes, des rencontres de luttes et de la solidarit\u00e9, Les squatting days approchent \u00e0 grands pas et on se pr\u00e9pare intens\u00e9ment! Les structures pr\u00e9vues sont presque toutes en place \u2013\u2026 pour que les squatting-days soient un succ\u00e8s, on &hellip; <\/p>\n<p class=\"link-more\"><a href=\"https:\/\/diewg.noblogs.org\/fr\/fr-translations\/\" class=\"more-link\">Continuer la lecture<span class=\"screen-reader-text\"> de &laquo;&nbsp;Bienvenue&nbsp;&raquo;<\/span><\/a><\/p>\n","protected":false},"author":13310,"featured_media":0,"parent":0,"menu_order":0,"comment_status":"closed","ping_status":"closed","template":"","meta":{"_locale":"fr_FR","_original_post":"1163","footnotes":""},"class_list":["post-1169","page","type-page","status-publish","hentry","fr-FR"],"_links":{"self":[{"href":"https:\/\/diewg.noblogs.org\/wp-json\/wp\/v2\/pages\/1169","targetHints":{"allow":["GET"]}}],"collection":[{"href":"https:\/\/diewg.noblogs.org\/wp-json\/wp\/v2\/pages"}],"about":[{"href":"https:\/\/diewg.noblogs.org\/wp-json\/wp\/v2\/types\/page"}],"author":[{"embeddable":true,"href":"https:\/\/diewg.noblogs.org\/wp-json\/wp\/v2\/users\/13310"}],"replies":[{"embeddable":true,"href":"https:\/\/diewg.noblogs.org\/wp-json\/wp\/v2\/comments?post=1169"}],"version-history":[{"count":8,"href":"https:\/\/diewg.noblogs.org\/wp-json\/wp\/v2\/pages\/1169\/revisions"}],"predecessor-version":[{"id":1789,"href":"https:\/\/diewg.noblogs.org\/wp-json\/wp\/v2\/pages\/1169\/revisions\/1789"}],"wp:attachment":[{"href":"https:\/\/diewg.noblogs.org\/wp-json\/wp\/v2\/media?parent=1169"}],"curies":[{"name":"wp","href":"https:\/\/api.w.org\/{rel}","templated":true}]}}