{"id":1074,"date":"2019-09-19T17:00:03","date_gmt":"2019-09-19T15:00:03","guid":{"rendered":"https:\/\/diewg.noblogs.org\/?page_id=1074"},"modified":"2019-10-19T00:56:15","modified_gmt":"2019-10-18T22:56:15","slug":"rechtliches","status":"publish","type":"page","link":"https:\/\/diewg.noblogs.org\/fr\/rechtliches\/","title":{"rendered":"contre-r\u00e9pression"},"content":{"rendered":"<p>Concernant des occupations de logement il est important de s&rsquo;informer sur tes droits et sur des consequences juridiques.<\/p>\n<p style=\"text-align: center\"><span style=\"color: #ff0000\"><strong>\u00a0 soutien l\u00e9gal Squatting Days: 0049 (0) 761 409 72 51<br \/>\n<\/strong><\/span><strong><br \/>\n<\/strong><\/p>\n<p>Si tu te fais condamner appelle le soutien l\u00e9gal quand tu as besoin de soutien juridique urgent.<\/p>\n<p>Si tu te fais condamner dans le cadre d&rsquo;occupation de logement, d&rsquo;autres actions \u00e0 Freiburg ou des squatting days et tu recois des lettres de l&rsquo;\u00e9tat dis-le au Squat Freiburg Anti-Rep sous<\/p>\n<p>squatfreiburg_antirep[\u00e4t<span class=\"\">]ungehorsam[point]ch! (cl\u00e9 PGP <a href=\"https:\/\/diewg.noblogs.org\/fr\/kontakt\/\">ici<\/a>)<\/span><\/p>\n<p>Le soutien l\u00e9gal (EA Freiburg) cr\u00e9e une infrastructure pour diffuser des informations et fournir un soutien juridique et prends contact aux avocats si n\u00e9cessaire. Tu recois le site de web <a href=\"https:\/\/eafreiburg.noblogs.org\">ici<\/a>.<br \/>\nLe soutien l\u00e9gal (EA Freiburg) est en consultation lundi de 19h \u00e0 20 h au KTS (Baslerstra\u00dfe 103).<\/p>\n<p>&nbsp;<\/p>\n<p>&nbsp;<\/p>\n","protected":false},"excerpt":{"rendered":"<p>Concernant des occupations de logement il est important de s&rsquo;informer sur tes droits et sur des consequences juridiques. \u00a0 soutien l\u00e9gal Squatting Days: 0049 (0) 761 409 72 51 Si tu te fais condamner appelle le soutien l\u00e9gal quand tu as besoin de soutien juridique urgent. Si tu te fais condamner dans le cadre d&rsquo;occupation &hellip; <\/p>\n<p class=\"link-more\"><a href=\"https:\/\/diewg.noblogs.org\/fr\/rechtliches\/\" class=\"more-link\">Continuer la lecture<span class=\"screen-reader-text\"> de &laquo;&nbsp;contre-r\u00e9pression&nbsp;&raquo;<\/span><\/a><\/p>\n","protected":false},"author":13310,"featured_media":0,"parent":0,"menu_order":0,"comment_status":"closed","ping_status":"closed","template":"","meta":{"_locale":"fr_FR","_original_post":"599","footnotes":""},"class_list":["post-1074","page","type-page","status-publish","hentry","fr-FR"],"_links":{"self":[{"href":"https:\/\/diewg.noblogs.org\/wp-json\/wp\/v2\/pages\/1074","targetHints":{"allow":["GET"]}}],"collection":[{"href":"https:\/\/diewg.noblogs.org\/wp-json\/wp\/v2\/pages"}],"about":[{"href":"https:\/\/diewg.noblogs.org\/wp-json\/wp\/v2\/types\/page"}],"author":[{"embeddable":true,"href":"https:\/\/diewg.noblogs.org\/wp-json\/wp\/v2\/users\/13310"}],"replies":[{"embeddable":true,"href":"https:\/\/diewg.noblogs.org\/wp-json\/wp\/v2\/comments?post=1074"}],"version-history":[{"count":5,"href":"https:\/\/diewg.noblogs.org\/wp-json\/wp\/v2\/pages\/1074\/revisions"}],"predecessor-version":[{"id":1812,"href":"https:\/\/diewg.noblogs.org\/wp-json\/wp\/v2\/pages\/1074\/revisions\/1812"}],"wp:attachment":[{"href":"https:\/\/diewg.noblogs.org\/wp-json\/wp\/v2\/media?parent=1074"}],"curies":[{"name":"wp","href":"https:\/\/api.w.org\/{rel}","templated":true}]}}