{"id":1052,"date":"2019-09-19T17:13:24","date_gmt":"2019-09-19T15:13:24","guid":{"rendered":"https:\/\/diewg.noblogs.org\/?page_id=1052"},"modified":"2019-10-18T23:08:42","modified_gmt":"2019-10-18T21:08:42","slug":"orga","status":"publish","type":"page","link":"https:\/\/diewg.noblogs.org\/fr\/orga\/","title":{"rendered":"la structure"},"content":{"rendered":"<div class=\"text-wrap tlid-copy-target\">\n<div class=\"result-shield-container tlid-copy-target\">\n<p><strong>soutien des arret\u00e9s<br \/>\n<\/strong>Il s&rsquo;agit de personnes qui attendent les personnes arr\u00eat\u00e9es par la police devant la prison (GeSa), les personnes qui re\u00e7oivent celles qui ont \u00e9t\u00e9 lib\u00e9r\u00e9es et leur fournissent des boissons chaudes, des couches et du chocolat. La structure pour cela sera fournie.<\/p>\n<p><strong>point d&rsquo;information: 0033605721399<\/strong><\/p>\n<p>Tu peux obtenir toutes les informations importantes au point d&rsquo;information. Tu devrais t&rsquo;arreter au moins une fois pour obtenir une carte d&rsquo;action, inscrire ton nom dans les plans de poste et trouver un endroit pour dormir, par exemple. Il y a aussi un fil d&rsquo;actualit\u00e9 qui te fournit des informations sur les actions et le programme. Le point d&rsquo;information est ouvert le week-end de 10h \u00e0 21h et en semaine de 10h \u00e0 12h et de 15h \u00e0 18h.<br \/>\nDe plus, il y a une ligne t\u00e9l\u00e9phonique d&rsquo;information, joignable de 10 heures \u00e0 22 heures.<\/p>\n<p><strong>ambulance solidaire: 0033605710794<br \/>\n<\/strong>On voudrait cr\u00e9er une structure d&rsquo;ambulance d\u00e8s qu&rsquo;il y a des actions plus grandes. Il y a un portable \u00e0 appeller.<\/p>\n<p><span class=\"tlid-translation translation\" lang=\"fr\">Nous sommes tr\u00e8s heureux d\u2019organiser les Squatting Days \u00e0 Freiburg en octobre. Rejoignez-nous pour 10 jours de partage d&rsquo;exp\u00e9riences, de discussions, de revitalisation d&rsquo;immeubles inutilis\u00e9s, d&rsquo;actions communes et d&rsquo;un peu de chaos \u00e0 Fribourg. Voici quelques mots de notre part sur ce \u00e0 quoi vous pouvez vous attendre<\/span><\/p>\n<p><strong>Structure<\/strong><\/p>\n<p>Nous voulons fournir une infrastructure, des informations et faire beaucoup de pr\u00e9parations en pr\u00e9vision des Squatting Days, mais nous souhaitons \u00e9galement souligner que les Squatting Days seront bas\u00e9s sur la participation active, les id\u00e9es et la connaissance de toutes les personnes venant, il s\u2019agit d\u2019un bricolage (ou encore mieux, faites-le ensemble!), le succ\u00e8s provient donc des contributions de chacun! Nous accueillons vos id\u00e9es, ateliers et exp\u00e9riences.<\/p>\n<p><strong>Les objectifs de Squatting Days Freiburg\u2026<\/strong><\/p>\n<p>r\u00e9seauter et partager des informations autour de luttes<br \/>\nd\u00e9velopper des concepts pour une r\u00e9sistance cr\u00e9ative et efficace \u00e0 la destruction de nos espaces ouverts.<br \/>\nconnecter pour unir nos luttes<br \/>\npartage des comp\u00e9tences<br \/>\ncombattre les prix des loyers, en constante augmentation, la gentrification, les batiments laiss\u00e9s \u00e0 l&rsquo;abandon.<\/p>\n<p>&#8211; r\u00e9cup\u00e9rer la ville<\/p>\n<p>&#8211; discuter de strat\u00e9gies pour la d\u00e9fense de nos espaces<\/p>\n<p>&#8211; mais aussi beaucoup de plaisir!<\/p>\n<p>De nombreuses autres informations seront disponibles lors de l&rsquo;\u00e9v\u00e9nement.<\/p>\n<p><strong>Voyage<\/strong><\/p>\n<p>Il existe de nombreuses fa\u00e7ons d\u2019arriver \u00e0 Fribourg, les arr\u00eats Flixbus ici, de bonnes liaisons DeutscheBahn de toute l\u2019Allemagne et des trains r\u00e9guliers en provenance de B\u00e2le (Suisse) ne prenant qu\u2019une heure. Vous pouvez \u00e9galement essayer BlaBlaCar ou un autre site de covoiturage.<\/p>\n<p>Si vous arrivez en voiture, il peut \u00eatre difficile de se garer autour de Fribourg (manque d\u2019espaces o\u00f9 vous n\u2019avez pas \u00e0 payer). Si vous ne savez pas o\u00f9 vous garer, \u00e9crivez-nous et nous vous enverrons des suggestions de lieux<\/p>\n<p><strong>Se d\u00e9placer \u00e0 Fribourg<\/strong><\/p>\n<p>Fribourg est petite &#8211; il est facile de se promener d\u2019un c\u00f4t\u00e9 \u00e0 l\u2019autre du centre-ville et il existe \u00e9galement un bon syst\u00e8me de tram et de bus.<\/p>\n<p>Nous allons essayer d\u2019organiser des v\u00e9los pour les emprunter, ainsi que des cartes papier pour faciliter les d\u00e9placements.<\/p>\n<p><strong>Pour dormir<\/strong><\/p>\n<p>Nous allons organiser des endroits o\u00f9 les gens peuvent dormir, et c&rsquo;est utile si les gens \u00e9crivent pour dire s&rsquo;ils viennent et s&rsquo;ils ont besoin de places pour dormir, afin que nous puissions d\u00e9terminer le nombre d&rsquo;endroits dont nous pourrions avoir besoin. Si vous avez besoin d&rsquo;un endroit pour dormir ou si vous offrez un endroit pour dormir, \u00e9crivez un courriel (crypt\u00e9) \u00e0 squattingfreiburg[at]riseup[point]net. (<a href=\"https:\/\/diewg.noblogs.org\/fr\/kontakt\/\">PGP key ici<\/a>).<\/p>\n<p><strong>Pour manger<br \/>\n<\/strong><\/p>\n<p>Une cuisine autonome pr\u00e9parera de d\u00e9licieux plats v\u00e9g\u00e9taliens pendant les Squatting Days, sur la base de dons. Bien s\u00fbr, la cuisine fonctionne mieux avec des aides, ce qui est bien si vous avez un peu de temps libre pour passer \u00e0 c\u00f4t\u00e9 de la cuisine et demander s&rsquo;ils ont besoin d&rsquo;aide pour couper ou servir.<\/p>\n<p><strong>Emplacements<\/strong><\/p>\n<p>Pour des raisons \u00e9videntes, nous ne publions pas \u00e0 l\u2019avance de nombreuses informations sur les Squatting Days, mais certains \u00e9v\u00e9nements auront des emplacements fixes, que nous vous devoilerons le moment venu.<\/p>\n<p><strong>Ateliers et programme<\/strong><\/p>\n<p>Nous voulons organiser un programme d\u2019\u00e9v\u00e9nements inspirants, informatifs, amusants et int\u00e9ressants. Notre programme contient d\u00e9j\u00e0 certaines choses, mais ce serait formidable si les gens venaient avec des id\u00e9es et du mat\u00e9riel. Mieux encore, si vous savez d\u00e9j\u00e0 ce \u00e0 quoi vous pouvez contribuer, \u00e9crivez-nous un email!<\/p>\n<p>Les Squatting Days ont \u00e9galement lieu parall\u00e8lement aux dix jours de c\u00e9l\u00e9bration des 25 ans du centre social KTS (https:\/\/www.kts-freiburg.org\/), qui comprendront de nombreux \u00e9v\u00e9nements, concerts et pr\u00e9sentations.<\/p>\n<p><strong>Argent<\/strong><\/p>\n<p>Ce n\u2019est pas une t\u00e2che facile de r\u00e9unir tout l\u2019argent n\u00e9cessaire pour un \u00e9v\u00e9nement comme Squatting Days. Nous aurons un pot de dons lors de l\u2019\u00e9v\u00e9nement (non obligatoire, bien s\u00fbr), n&rsquo;h\u00e9sitez pas \u00e0 faire des dons. Si vous connaissez des projets qui souhaiteraient faire un don pour l&rsquo;organisation de cet \u00e9v\u00e9nement, n&rsquo;h\u00e9sitez pas \u00e0 leur demander, nous serions tr\u00e8s heureux!<\/p>\n<p><strong>Support l\u00e9gal<\/strong><\/p>\n<p>Nous allons cr\u00e9er une infrastructure pour diffuser des informations et fournir un soutien juridique tout au long des Squatting Days, et personne ne devra faire face \u00e0 la r\u00e9pression seul!<br \/>\nSupport l\u00e8gal 18. &#8211; 29.10.2019: <strong> 0049 (0) 761 409 72 51<br \/>\n<\/strong>Email: squatfreiburg_antirep<span class=\"\">[\u00e4t]ungehorsam[Punkt]ch (<a href=\"https:\/\/diewg.noblogs.org\/fr\/kontakt\/\">cl\u00e9 PGP ic<\/a>i)<\/span><strong><br \/>\n<\/strong><\/p>\n<p><strong>Ce qu&rsquo;il faut apporter<\/strong><\/p>\n<p>Vous et vos amis<br \/>\nMat\u00e9riel de couchage (sac de couchage chaud, tapis de camping) et v\u00eatements chauds (l&rsquo;\u00e9t\u00e9 est plus long \u00e0 Fribourg, mais les soir\u00e9es sont peut-\u00eatre plus fra\u00eeches!)<br \/>\nid\u00e9es d&rsquo;ateliers, fanzines \u00e0 lire, informations \u00e0 partager, banni\u00e8res<br \/>\npapiers d&rsquo;identit\u00e9 personnels (facultatif)<br \/>\ntoute autre chose dont vous pourriez avoir besoin pour une semaine d&rsquo;action, comme des banni\u00e8res, des autocollants, des d\u00e9pliants<\/p>\n<p>S&rsquo;il vous pla\u00eet faites tourner l&rsquo;invitation d&rsquo;avantage. Et venez c\u00e9l\u00e9brer avec nous \u00e0 Fribourg des journ\u00e9es libertaires, cr\u00e9atives, subversives et solidaires!<\/p>\n<\/div>\n<\/div>\n<div class=\"tlid-result-transliteration-container result-transliteration-container transliteration-container\">\n<div class=\"tlid-transliteration-content transliteration-content full\"><\/div>\n<\/div>\n<div class=\"result-footer source-or-target-footer tlid-copy-target\">\n<div class=\"more-wrapper\"><\/div>\n<\/div>\n<div class=\"more-wrapper\"><\/div>\n<div class=\"frame\">\n<div class=\"page tlid-homepage homepage translate-text\">\n<div class=\"homepage-content-wrap\">\n<div class=\"tlid-source-target main-header small-font\">\n<div class=\"source-target-row\">\n<div class=\"tlid-results-container results-container\">\n<div class=\"tlid-result result-dict-wrapper\"><\/div>\n<\/div>\n<\/div>\n<div class=\"tlid-select-file-page-container\"><\/div>\n<\/div>\n<div class=\"tlid-result-view cllist\">\n<div class=\"cp-promo-wrapper\"><\/div>\n<\/div>\n<\/div>\n<\/div>\n<\/div>\n<div><\/div>\n<p>&nbsp;<\/p>\n","protected":false},"excerpt":{"rendered":"<p>soutien des arret\u00e9s Il s&rsquo;agit de personnes qui attendent les personnes arr\u00eat\u00e9es par la police devant la prison (GeSa), les personnes qui re\u00e7oivent celles qui ont \u00e9t\u00e9 lib\u00e9r\u00e9es et leur fournissent des boissons chaudes, des couches et du chocolat. La structure pour cela sera fournie. point d&rsquo;information: 0033605721399 Tu peux obtenir toutes les informations importantes &hellip; <\/p>\n<p class=\"link-more\"><a href=\"https:\/\/diewg.noblogs.org\/fr\/orga\/\" class=\"more-link\">Continuer la lecture<span class=\"screen-reader-text\"> de &laquo;&nbsp;la structure&nbsp;&raquo;<\/span><\/a><\/p>\n","protected":false},"author":13310,"featured_media":0,"parent":0,"menu_order":0,"comment_status":"closed","ping_status":"closed","template":"","meta":{"_locale":"fr_FR","_original_post":"1048","footnotes":""},"class_list":["post-1052","page","type-page","status-publish","hentry","fr-FR"],"_links":{"self":[{"href":"https:\/\/diewg.noblogs.org\/wp-json\/wp\/v2\/pages\/1052","targetHints":{"allow":["GET"]}}],"collection":[{"href":"https:\/\/diewg.noblogs.org\/wp-json\/wp\/v2\/pages"}],"about":[{"href":"https:\/\/diewg.noblogs.org\/wp-json\/wp\/v2\/types\/page"}],"author":[{"embeddable":true,"href":"https:\/\/diewg.noblogs.org\/wp-json\/wp\/v2\/users\/13310"}],"replies":[{"embeddable":true,"href":"https:\/\/diewg.noblogs.org\/wp-json\/wp\/v2\/comments?post=1052"}],"version-history":[{"count":9,"href":"https:\/\/diewg.noblogs.org\/wp-json\/wp\/v2\/pages\/1052\/revisions"}],"predecessor-version":[{"id":1814,"href":"https:\/\/diewg.noblogs.org\/wp-json\/wp\/v2\/pages\/1052\/revisions\/1814"}],"wp:attachment":[{"href":"https:\/\/diewg.noblogs.org\/wp-json\/wp\/v2\/media?parent=1052"}],"curies":[{"name":"wp","href":"https:\/\/api.w.org\/{rel}","templated":true}]}}