{"id":1026,"date":"2019-09-19T17:10:10","date_gmt":"2019-09-19T15:10:10","guid":{"rendered":"https:\/\/diewg.noblogs.org\/?page_id=1026"},"modified":"2019-09-25T17:47:38","modified_gmt":"2019-09-25T15:47:38","slug":"aufruf","status":"publish","type":"page","link":"https:\/\/diewg.noblogs.org\/fr\/aufruf\/","title":{"rendered":"l&rsquo;appel"},"content":{"rendered":"<p>Squatting Days Freiburg: 18-29 octobre 2019. Do-It-Together: rencontre squat, festival et autres resistances<\/p>\n<p>Nous vous appelons a prolonger l&rsquo;\u00e9t\u00e9 \u00e0 Freiburg et de participer aux journ\u00e9es squat, de f\u00e8ter les anniversaires du KTS et de l&rsquo;Infokiosque dignement de nous bouger ensemble pour des perspectives libertaires.<\/p>\n<p>Freiburg est une petite ville dans le sud de la for\u00e8t noire, l\u00e0 ou les cartes officielles tracent les fronti\u00e8res entre la Suisse, l&rsquo;Allemagne et la France. Il s&rsquo;agit d&rsquo;une r\u00e9gion sympathique entre les centrales nucl\u00e9aires rh\u00e9nanes, points logistiques \u00e9conomiques majeurs et l&rsquo;industrie d&rsquo;armement de la for\u00e8t noire et qui se prete bien a diverses activit\u00e9s subversives. De plus l&rsquo;hiver ne d\u00e9barque pas aussi vite que dans le reste de la r\u00e9publique. Nos journ\u00e9es \u00ab\u00a0squatting days\u00a0\u00bb veulent focaliser sur les questions du logement et de gentrification, mais nous nous trouvons dans une \u00e8re, o\u00f9 les luttes peuvent marcher que si elles sont pens\u00e9es et mises en oeuvre de mani\u00e8re intersectionelle. Ainsi la pratique du squat ne peut qu&rsquo;etre une partie des luttes antifascistes, feministes et anticapitalistes si n\u00e9cessaires.<\/p>\n<p>Depuis un bon moment, les m\u00e8mes \u00e9volutions pourries se d\u00e9ssinent comme partout ailleurs: la pr\u00e9sence des flics augmente, les espaces lib\u00e9r\u00e9s sont r\u00e9duits ou expuls\u00e9s. Dans les mois pass\u00e9s, la campagne \u00ab\u00a0die WG\u00a0\u00bb a r\u00e9ussi a faire pas mal de bruit autour de ces questions de la ville n\u00e9olib\u00e9rale et des exclusions sociales. Nous voulons continuer cette lutte durant les journ\u00e9es d&rsquo;action.<\/p>\n<p>Le KTS, le centre autonome local, est le dernier espace autog\u00e9r\u00e9 dans la r\u00e9gion. De cr\u00e9er de nouveaux espaces devient de plus en plus difficile, surtout au regard de l&rsquo;\u00e9valuation de la situation politique actuelle. Les deux maisons squatt\u00e9s de la Gartenstrasse 19 (depuis le printemps 2010) sont actuellement menac\u00e9s d&rsquo;expulsion, sept ouvertures depuis d\u00e9cembre 2018 ont \u00e9t\u00e9 expuls\u00e9s rapidement. Depuis que Kommando Rhino et Sand-im-Getriebe ont \u00e9t\u00e9 d\u00e9gag\u00e9s, il n&rsquo;y a toujours pas de nouveaux \u00ab\u00a0Wagenplatz\u00a0\u00bb\u00b9 malgr\u00e9 un besoin grandissant. De plus le contrat du \u00ab\u00a0Wagenplatz\u00a0\u00bb des Schattenparker finit en septembre \u2013 la sitation s&rsquo;est clairement pr\u00e9caris\u00e9e sur ce plan. Pour nous, la lutte pour plus d&rsquo;endroits autonomes dans la ville est loin d&rsquo;etre termin\u00e9. Nous voulons remettre ces probl\u00e9matiques en avant durant les journ\u00e9es d&rsquo;action et nous battre pour de nouveaux espaces de vie!<\/p>\n<p>La situation se tend ici comme ailleurs. Nous voulons nous activer et d\u00e9velopper des pratiques solidaires aussi pour encourager les actions de squat des derniers mois. Il s&rsquo;agit de s&rsquo;encourager mutuellement et de renforcer nos liens. Les projets menac\u00e9s comme la Liebig 34 ou le Rozbrat comme pleins d&rsquo;autres ont besoin de soutien &#8211; d&rsquo;un soutien pratique. Ces derni\u00e8res ann\u00e9es des douzaines de squats ont \u00e9t\u00e9 expuls\u00e9s partout en europe. La r\u00e9sistance contre cette longue liste de la Villa Amalias en passant par Klinika et le ADM \u00e9tait tr\u00e8s localis\u00e9e et souvent bien trop silencieuse. Il est grand temps de poser la question de l&rsquo;organisation \u00e0 nouveau!<\/p>\n<p>Nous voulons pas assister \u00e0 la situation de d\u00e9placements sans rien faire. A cot\u00e9 d\u2018une connexion des espaces et structures anarchistes on veut commencer \u00e0 etre pratique parce qu\u2018on doit d\u00e9velopper des concepts pour une r\u00e9sistance cr\u00e9ative et effective contre la d\u00e9struction de nos espaces liber\u00e9es. On invite tous \u00e0 cr\u00e9er des activit\u00e9s les plus vari\u00e9es possible. Au temps ou il y a de plus en plus des attaques de la droite et du mainstream capitalisme on voudra renforcer un debat sur l\u2018autod\u00e9fense et sur une pertinance sociale des nos centres et espaces.<\/p>\n<p>Allez, allez: let\u2018s do it together<\/p>\n<p>Le princip sera le suivant: A fribourg l\u2018infrastructure pour les activit\u00e9es, comme des ateliers, des concerts, des films, d\u2018art sur la rue, des conf\u00e9rences , des soir\u00e9es, les actions dir\u00e8ctes sont mises \u00e0 la disposition et vous pouvez l&rsquo; utiliser pour vos id\u00e9es. Nous voyons des squats et la d\u00e9fense de nos espaces comme pratique de r\u00e9sistance n\u00e9cessaire qui developpe une pertinace sociale par la qualit\u00e9 de notre organisation.<\/p>\n<p>Les squatting days ne sont pas de spectacle de consommation mais un festival D.I.Y. et vivent de l&rsquo;initiative de nous tous. C&rsquo;est un appel \u00e0 toutes les forces chaotiques et autonomes et \u00e0 tout le monde qui voudra y participer pour que ce soit un moment constructif.<\/p>\n<p>plus d&rsquo;infos: kts-freiburg.org | diewg.noblogs.org | radar.squat.net<\/p>\n<p>\u00b9 Projet d&rsquo;habitation sp\u00e9cifique au contexte allemand, o\u00f9 des personnes vivent en autogestion dans des roulottes et cammions amm\u00e9nag\u00e9s.<\/p>\n","protected":false},"excerpt":{"rendered":"<p>Squatting Days Freiburg: 18-29 octobre 2019. Do-It-Together: rencontre squat, festival et autres resistances Nous vous appelons a prolonger l&rsquo;\u00e9t\u00e9 \u00e0 Freiburg et de participer aux journ\u00e9es squat, de f\u00e8ter les anniversaires du KTS et de l&rsquo;Infokiosque dignement de nous bouger ensemble pour des perspectives libertaires. Freiburg est une petite ville dans le sud de la &hellip; <\/p>\n<p class=\"link-more\"><a href=\"https:\/\/diewg.noblogs.org\/fr\/aufruf\/\" class=\"more-link\">Continuer la lecture<span class=\"screen-reader-text\"> de &laquo;&nbsp;l&rsquo;appel&nbsp;&raquo;<\/span><\/a><\/p>\n","protected":false},"author":13310,"featured_media":0,"parent":0,"menu_order":0,"comment_status":"closed","ping_status":"closed","template":"","meta":{"_locale":"fr_FR","_original_post":"1023","footnotes":""},"class_list":["post-1026","page","type-page","status-publish","hentry","fr-FR"],"_links":{"self":[{"href":"https:\/\/diewg.noblogs.org\/wp-json\/wp\/v2\/pages\/1026","targetHints":{"allow":["GET"]}}],"collection":[{"href":"https:\/\/diewg.noblogs.org\/wp-json\/wp\/v2\/pages"}],"about":[{"href":"https:\/\/diewg.noblogs.org\/wp-json\/wp\/v2\/types\/page"}],"author":[{"embeddable":true,"href":"https:\/\/diewg.noblogs.org\/wp-json\/wp\/v2\/users\/13310"}],"replies":[{"embeddable":true,"href":"https:\/\/diewg.noblogs.org\/wp-json\/wp\/v2\/comments?post=1026"}],"version-history":[{"count":3,"href":"https:\/\/diewg.noblogs.org\/wp-json\/wp\/v2\/pages\/1026\/revisions"}],"predecessor-version":[{"id":1537,"href":"https:\/\/diewg.noblogs.org\/wp-json\/wp\/v2\/pages\/1026\/revisions\/1537"}],"wp:attachment":[{"href":"https:\/\/diewg.noblogs.org\/wp-json\/wp\/v2\/media?parent=1026"}],"curies":[{"name":"wp","href":"https:\/\/api.w.org\/{rel}","templated":true}]}}