{"id":1010,"date":"2019-09-19T16:14:18","date_gmt":"2019-09-19T14:14:18","guid":{"rendered":"https:\/\/diewg.noblogs.org\/?page_id=1010"},"modified":"2019-10-18T22:55:34","modified_gmt":"2019-10-18T20:55:34","slug":"kontakt","status":"publish","type":"page","link":"https:\/\/diewg.noblogs.org\/fr\/kontakt\/","title":{"rendered":"Contact"},"content":{"rendered":"<p>\u00c9crivez un courriel \u00e0 l&rsquo;adresse suivante (de pr\u00e9f\u00e9rence crypt\u00e9)<\/p>\n<p><strong>die WG<\/strong>: die-wg<span class=\"\">[\u00e4t]riseup[Punkt]net!<\/span><\/p>\n<p><strong>Squatting Days Orga<\/strong>: <span class=\"author-a-6bz88zl09oz68zz90zz75zrlogz122zz89z\">squattingfreiburg<span class=\"\">[\u00e4t]ri<\/span>seup[Punkt]net<\/span><\/p>\n<p><strong>Squat Freiburg Anti-Rep<\/strong>: squatfreiburg_antirep[\u00e4t]ungehorsam[punkt]ch<\/p>\n<p><strong>Presse<\/strong>: die-wg-presse[<span class=\"\">\u00e4t<\/span>]riseup[Punkt]net<\/p>\n<p><em>cl\u00e9 PGP<span class=\"tag_trans\"> indiqu\u00e9 ci-dessous!<\/span><\/em><\/p>\n<p>&nbsp;<\/p>\n<p><strong>cl\u00e9 PGP die-wg<\/strong><\/p>\n<pre>-----BEGIN PGP PUBLIC KEY BLOCK-----\r\n\r\nmQINBFwLayUBEADBzX4yztHeURQcSNDjkNli5HiValyz2nDYVxKaXvK+gfVZOwli\r\nN7LdCtwiYo1C1wruqNC+rdxisdhXse7gYu7tu1pNrgNVp+RcYo\/ONC\/\/inTjLTce\r\nbOg9qKVhOJPwzmJfowad5\/D6wXFAQZla9Wt7Tnk7ecYJ66OuDG3O21Ml8wKhBymT\r\nV49S6PqXL3PzsONdL\/XqeYDz089Ntb2rrh1y19r3mrTqwZpYzYnTo8zyVfE\/\/8MB\r\ny6qXzNBZgppIw32FjuHjQ+1VhH1bQRUWli2wfiParvfkc7kyBQtWolR4idrTcLUl\r\n0\/ZAh9B4zUFlqNXMmduSVaE4MYEesAf2fKwanU6tb2sDXl42x4xTv1ZYjVYpruDM\r\npSh1OCfNwV4+2JLe3jj0Wn+xzGFhHcuFHZwCPzTQ4EZQ+MROL3wJjeta1EHIiPfB\r\nIN8EYxR\/ng62xRDyBNzHCNIttA5ndJvQ6mIkMnMgXyYttAPG1+zG7hZ+fvvyXz3v\r\nOyjzBWV7mD+DFX2VVh+0MFSHjE7v21oeBpBDuj8Kk5tgw+aoUX3DnMNS535LzLxx\r\nUVm2nyx2ScqFGJ6TpeRdZmvwnlEi\/GzZDyJBP33AcLYhrQdOLj+DPFXph9T7+f1i\r\nv7C0VP0Og8LF1e51uHGcDuAMLHMDfVjaxXOrhBW86TTJ4pgLI36Vhk2ISQARAQAB\r\ntBpEaWUgV0cgPGRpZS13Z0ByaXNldXAubmV0PokCPwQQAQgAKQUCXAtrKwYLCQcI\r\nAwIJEMEVT8\/jFq84BBUICgIDFgIBAhkBAhsDAh4BAAoJEMEVT8\/jFq84CqQP\/jmh\r\n9x0F\/c94v5G8YIlVt3rHFFLGfqkK\/UjBWHjpGTbf1BtfjBC7lp3VAOr3Mo4WNf9O\r\nnFvQLHM3m8wHzPZeEyArAMz\/tQvEJvZPhhmwq5aykdoR08YtoTxSuTpAG5f+mwF4\r\nPbfHnH8DRe2f+ahHq1\/4J5vwF0+Nv6KhoqkPrJwxsvIDVP7PXEsUQL7LTX1eKfIk\r\n4D0RI3SA1wLQ2D8zXc1ZkOAzd9XJh7njB4uCANPxGz25mFx+63\/YPbWKCXcYgLbM\r\n0P80wGKrrl3ZjKtLHhJR8Db2n+akc\/iyNGN\/Wk30UpUC\/ECcXPAF1QGLM4OFaZ8q\r\nReqKVsKbABC0VdXpUUY0cfDRfwnyqMninLPfpxq6cNgNc4kbD5qla0mPw7D3HHDZ\r\nTILIF\/i9lptRXnZZe8mkf11OwRRKwT0Z1lZK0n8n875qYZ6FyKYgNRsuWZcF9y21\r\nC+ClB9OIEiMOanXkoxVEhZvPKe4nPoDWnuOXgdMkVvHsF02SxhqcnjjAfwcMTWIw\r\nl1Z0IyTWDLfQQNWkoSjd\/vXpJ\/Ho3QX4UngFM3rwiv9QENMStQLH6+U3DRAJ+Hyw\r\n8OCed+V89YaC90VmIGiWrI6w+CGZedbGC1Bpwk9O2eJb+C5f7Hg1Rt0wstP7\/CfR\r\nzurQg3MB08VadovgDO+ISZzMFz+kAMDk7IuvUdy9uQINBFwLayUBEAC4r\/SVzNvR\r\naSrhGv+XUFo063BO1gRaKCNlSmNehJtbBWt+WORipR19dDNGQv9jBg5cxkcECYR\/\r\nVIlgVzo1XoNlE9a2VxzO0eLHOuH5p9eGseFPXhCD8i4jI+spKxTIfyk\/yzRNvVRT\r\nHxYvT1bEUrsFBz09jMujzd7uL7cnEHAh2Y1rf8ekgGU6eK0VfvqueRCJ6LNA16IK\r\nJMb\/1rJMYBu92N0eFCWmOK9XMiLFwuaJW5lZRAWm76vSnm1p9p\/Cg+HbG6VNrEhJ\r\nbN1JO3UhEWtiBEDEZqK4c9GajCA4HjOUW2V0o7uado6m3SKizXQkM9PwA1O3t3KE\r\nNcq340fwnF6raljLknsoS1+ZYFQM\/AqJTYUQASCns+xN738ubwmI3eJkRORgy\/qF\r\ndWKzoF0xafGYteW3coET09\/isHa3PbPjDrkS4ZLCoB+fuIBC6VaPSIoVcFxLw+KT\r\notd+BjCmhBf2gxB9tHwaE1eXn0r85ot8d10VN651aKXzrFmRlSU+3IJHWZEAuH74\r\n9zFb9rSSe2L+semqK65cSuMktSjDrjlbbHilTvTgeKlZNp5BOYf0PGjbv3D1cBBd\r\nJj0Ng3zPDTli3L5XGdo+\/kAIBCwYFBJIT6zdcJMKV9CNRpKzm\/wJixIVI8wyTPxB\r\nBFn3DBK6CVbEv4UwBXC9skk4r7nC3I1KhQARAQABiQIpBBgBCAATBQJcC2svCRDB\r\nFU\/P4xavOAIbDAAKCRDBFU\/P4xavOFFED\/4yhMe15NCnk9JdSHUrmIt3Oc4eZ6t4\r\nTzXasd\/DXXoxwFtyaJI\/GlpbgHhWIOe17T4SoBLnClDax0WvUYPHR1B0mppKEmr8\r\niIt9yObCMS7Ycy3G\/akqG4oQHzg\/k4lj1s4cwiWJkuUq0l1D6OuWIWWReunUmaEG\r\n9nmOQopls1XF2BvhZ\/Kpxc5kbBMS31a2lMpRxeg5ufxiFZvyWQDTJtfez8ROa5CY\r\nUZ17ZHlv5MsLM5yaoZUoUzFGlgdDU0qmA7ukUZgKUZUDI43RnVutUsOCa\/r6MUGr\r\niPPCVF8PLNWJ\/BtQgF+cpd7iujmm95MKDTxSuJpxuv3btjHyCFBuyAPml+YrM5i\/\r\n3eGb+I\/MClbxgiF0YkkiTELuKoE3Bmlcp8K\/1CaKPPJOCm+AuIDPKYnAutDD+Xtc\r\ndmRYH\/u10WZjbGeCAtYBqhf2Pe6jKSioc6xJJA7MlTp2QQjRMHglsP9AYjSDOqvJ\r\ngNuy60kAPJ03THR\/BbjFl3ACyH1uVRll+5tPGPiqiiF8MWTEcttVu0fi0Dfb14tG\r\nQ9mHXmcwT\/e0klt2f\/NrdRM0HUqG4D36fN1LxmPg1MDaPJT\/WU2rjMhJrpaiB3Qu\r\njczJqq+ijH41nYhEjYQKyhcqOCSTLtUMZBo1Eqc2CsG6uJiM+cGu267sBu4U7Ej5\r\n04OhPwJLK8B+Xg==\r\n=LGF3\r\n-----END PGP PUBLIC KEY BLOCK-----<\/pre>\n<pre><\/pre>\n<p><strong>cl\u00e9 PGP\u00a0squattingfreiburg<\/strong><\/p>\n<pre>-----BEGIN PGP PUBLIC KEY BLOCK-----\r\n\r\nmQINBF0ouFEBEAC+FyrxFNA7OCGWnYYBPIe1p6tWuovx9J8fHfOtGg6k7kWJ0Nka\r\nwqE6obrPxqOca5tkMY8BQDfbxM7LH1RF847Fnr4yWR6Z51BpLass5PNpPxrSg4H4\r\nTxMEVfd3\/YqrvoJbQFM1frGh4XaWdMc2gDuwD2QrQyb3foGLyh2uuBr3WOmQNMOY\r\n5j9Xq24Yte\/HWPNNvuM0o5fSxQRdnwGNcqXcNYyq9JXu4xHf9HPhJiUbIbLoFoyT\r\nQWZrh6dCIA5VtZ4RjP1ec9Yx3sFcLoUvTs7qkH9yzx6CEVtzlxQlu60vZbCJre27\r\nUGmEKvWhEKM\/AGv6Aa7CtdpEuleH0ySRxbagQ+ZCAG2BcDz0BBj1bdYoA6TOUZsu\r\njIzZWFeZKOZWcin\/pUWQU1WfsM21JmM\/ySvbuS1MZy9OeBjFmKPsOSZ4RMtb\/oPu\r\n1cJoMTq5cAcehtzmzSYnsM6wSNkehwjw\/bnQinqFKSMXrFKleNFHGcVWhdX\/xcoa\r\n3Ux628TsvuG5cg\/GVigJF+p1D7JdVrWt0L9BhP+xXUJTLgYDLvotSSn7TGkQW093\r\n7g\/0AmyFLsfR0SKpqEhy4144gY1MBFmqsqh8x\/sE6m0N\/+IUl6GtRQ9gENIC79er\r\nQodSn94UHd0ojwijth3liAfKTaXFHroLvFyf78mFZQiNnQ\/rdxa6SERm5QARAQAB\r\ntDBzcXVhdHRpbmdmcmVpYnVyZyA8c3F1YXR0aW5nZnJlaWJ1cmdAcmlzZXVwLm5l\r\ndD6JAlQEEwEIAD4WIQRnbmuNyq3K7dQNpoqggfW8vwSaGwUCXSi4UQIbIwUJCWYB\r\ngAULCQgHAgYVCAkKCwIEFgIDAQIeAQIXgAAKCRCggfW8vwSaG3AeEACSmEG9cx+E\r\nw2aUY0QJtgOUbOuUM6zgeM1dRqdOsoHHlNRoHHF7K\/hc1dJGQ9hFDLIGeUg2OSkc\r\n+dfE5Sr12aI8rIr2+9Uv2f2CXLdZqJB2f4yQ\/3sYmKfTksTflk8TK6\/KJ4rKxnqB\r\nsFwvgY9d5k40BC7jAqysByB\/IDupQEoEkTUM8h+\/KnR7Hl9x+DQFVoW7sWQqmCcD\r\n0+nn7xoNT8miL197RgaSrEPRxp0OrR5T27\/bslmacLiLO2rCg6wGG6hh3CApLt6r\r\nu5zm+gHYgfBIfkFMyIaImEigwNFwPr8yrwBSFFE5V+g8mL1fiT9v\/qoAJnXY4iwM\r\n+WXhppdxOg7WUi6CUpCR3FsNAGCVgi5poWto4uEF7tN+DBsc3J2wnzl2A63H8GXh\r\naIbQE0weNrS5lQ3bN8Yo\/oFUOezpovRuGIMRNk05J4ulFls3Waa9RY4v3hHJcCzr\r\nTZilR+dQFU\/5YrzImQqUREtkVO0euA0tKYBc1NGl9vdkvAg9JusMjVghGhy2ired\r\n8F8AmPEeoicqb8uJ4wFkXjsA\/bFn84C+AY2\/oEvetxXS7RNkEshlcmvDln+GNuw6\r\njW5xiRLlqirjVpkmourPGLEqRrIUTyphhuBhIUcVIW68r\/KwqsRNxYEe9b1tHmzI\r\nneK6xVus13K5VH9WiCbZbA2ZYVAwjkjFDrkCDQRdKLhRARAAtW5t6ts+FJ83vwd\/\r\nc9u5bR6mYPFuDoE9GypKFT571OHGB1JxfiFSlm1aRk0D42pCRRiWsR3azDAnod2Q\r\n7aCdNvwrdtJ2EqYy3\/NT2hMMfcxzLeGs3Fz8nz\/6RqQ9O+DRL\/xlZPxA6FxQ3C6S\r\nA\/qEF4vDgWEn9GBBOmQ6upGRQMOPKFVBBAzkFQAZnLAfmnpm1b5WUJEAqfEWv3Q\/\r\n\/LL0uoLC51nTwz8\/E9Eih9LQdyoAIKB+NioWhqVK9taD0+rsILLSaKIBrn\/HTHYc\r\nEQAFJaF1aZCHixicsW8I\/sorZruSAziwMK7p32O0cILBC+\/bgP6nHDPjL4YK+H5w\r\nXgh7MJPUGiIPZjrK\/AGGEmLLirYgOsnIBSSzkm+nIRvycQuoXf0ikflvK0cv8401\r\nahLIGDAbGNpOUpMqqsiGg9fd1okbUGt52yj\/SYHFuK8n\/gFXo1k3ofNGlqz6EerS\r\nEfrh+FqoJjOJxneGouG14QHJ2+3RvnPdJtZ1+KMy6DUbEiM8uWbYKQ\/nN8aNMhwq\r\n0w2kHuH+7cyFd+HNMcc4Md6vHS6NtRYGZQRrQNeUhVejwdW1jblzpsKcyeK6r8oX\r\nFMCjKAxiasFkD6M0nmabIapIIAVRdtiqgcNo8B64CYAw\/m6LIa0o5ewSkuKSkQ1k\r\n5jx1yTmcCYZYOxKseSNpl+aNek8AEQEAAYkCPAQYAQgAJhYhBGdua43Krcrt1A2m\r\niqCB9by\/BJobBQJdKLhRAhsMBQkJZgGAAAoJEKCB9by\/BJobL94QAIGFRI6rFqRk\r\n+B9F8KK33ncEqGc2OpIMPRYAcZ6FhZZuwsxZgumqGxXv8l5X7znyO9YTh511+adj\r\niqHy8X6YgpEHXBLl4mHeGq9nbMCUZ\/++wP\/HpxWdKT64Htc7ioAj6Dt3mdxuxTHN\r\nyKgnxXCqWGTQrw3LlFRlIfpHezb5TWDeaxpzSMIEsfaSebKBxP29GpB6XqNxUz27\r\nC0H2la9wI+Z2p4Nf5tyXSBP9gZcAZ5Fkwjrxrf63\/UaXMcQFchb4Q6bDCrS+XpGE\r\nerLYmLrKegZHiviYXB1E90vPHHU2RVWl4cXiHsHKgTd8dUoCHdWHiIVOxxeq+7rA\r\nf1fTFjzhYHRcB6zcWNf1VcfKICKjRERJsWVhFMa9P+QXBHI4BmIX3gEmVkLXb+UJ\r\ntMOvGoTfhOdTCf2ufHc7DwhNBIye2Jd+uw8rw5aEfEKEF6sZgWPArpIVQPlmke55\r\nep1\/KwVk2DsIcG3cIxe\/Bgt9k\/Ai+OD67eDPhl6soKsBZOQ4FIkZsEnJ7bYMQhaF\r\nzryk5NypZyffoL6O9PzOghBBx7pg7ML5ZePrVY3xfx72g92QmkM9tftPr0Dj5plb\r\neeixAKMJ29EgU0cjrkocRkphY9QLERCp9vdDq2xsZu\/GzYR2kOZKRxLO0PvZijWS\r\nY+18e3lh3L3D5KT+N13KUnlNA\/OMK6+N\r\n=x0qr\r\n-----END PGP PUBLIC KEY BLOCK-----<\/pre>\n<p><strong>cl\u00e9 PGP Squat Freiburg Anti-Rep<\/strong><\/p>\n<pre>-----BEGIN PGP PUBLIC KEY BLOCK-----\r\n\r\nmQINBF2frv8BEADMNC2Scihog3hM4N2kzHgao+mrj4GQyJOdNYFGOOVzBHQwgrWk\r\nrYD4zg3Jo\/0bnetjcXJpX3lfCAMEix0\/b5AnPnrX1hlsJoJFm4+FJOyojD\/QGjp3\r\nZ9fBqoM+GtAJfRw8FDHaZzDBQXNspf\/ynM7rdZaokO+IBJqQqPNlsfxsb0vDB2EG\r\n5TyIupzAHGqSaw4WV4Dc8szSJ0Y7dio1Au7JiKZF4eX8Hc90Wx\/0yWCwGeHr4yl0\r\nEyn42ljwG0pVCB3u\/s18a3uZgWuR2L+V7CqTpDVtFWxoL6dWFFQsr\/93fs4ZHJ8E\r\n7BE\/URnJdJKRkKZ6Y9S8gDEflLRXwvxvmP9Hf4ZH5brDjY7EP8km3zX7RsFjib54\r\nbkeDZ9VChxj73nPMKCkvhA5SCKHGitYUnLQDGoqgMZHSsiWIhpWmT+b83ckWcF+e\r\nE2KO9a6dLKHNamN4bCvkYT29AqR5Gjm3A6AZm4IHEys+RpevwZB+5W\/DzUhoRLbK\r\nu3\/mo1Nj2QSUPr2qRHMoeBg6jKq+arVXwYqC3ByyTBD7dbA3o6XwNOe3ZVQDdSQd\r\nNd80orMq1xgll\/edwOKYSScUJ3Dtf\/5jRiKr7jl40I0adSGINMgeqWX9DqmuodcM\r\niQGyZhz3U0chYg5MPo6+\/zjP5xQ6bw\/ohlnM+wT7Xw1BCdYoTlMA+u3T5QARAQAB\r\ntElzcXVhdGZyZWlidXJnX2FudGlyZXBAdW5nZWhvcnNhbS5jaCA8c3F1YXRmcmVp\r\nYnVyZ19hbnRpcmVwQHVuZ2Vob3JzYW0uY2g+iQJUBBMBCgA+FiEEk5eMRNfEzZfM\r\n3fq1TszDcjROVsoFAl2frv8CGyMFCQlmAYAFCwkIBwMFFQoJCAsFFgIDAQACHgEC\r\nF4AACgkQTszDcjROVsrXTw\/\/TBIzcz1qCPvAzRo0GTLwc6NxnlKlM8Ozq3aLO6pN\r\nSnS1cL1RjWkSwaSxcgM6rKZjwV1c8e0PKe51tiyyuHHMmDlYrR4w\/WeVLQqEv9mR\r\nbfcYUOdOvehQcPYjvvd2Py\/Hbm\/C9Noj5DqTOUohq25LvFAR4wAl6KoS\/CHZ7W2J\r\nLdSGv3l3+AarBmGHxacBhqvG7gmzUoJhUasTNzEfTJKXJPHOle03k47to61NWuLj\r\nQymYxfnw3LwPXPhF0Et3F3+\/bqcmVBVPcuqjzZ24YDz4o0CizHarPvfoQtQJYz5E\r\nYkSRIuT31m\/wdBkboo00660ASApButKF7\/\/e5YeSDICK0HxnmQdS3Pgmq25rRgAv\r\n+CYu0aEpAGcBhfT2YWz+gtVr86yfjK65fDiwcPh44ybYWz9v4652PAkXPK52rkNa\r\nHGIV6XgvIW4cQ5oli9oX1XwedJlevN24NK1EmUArKC8H2RBV3DesjLgXyR3E1SD3\r\n2VW4HcbOnn+7SrVXuJdsjvPBCUU98Y39dPdlmIhOcx4QHgC0QZVAQ7RULr6RkCwR\r\nQxh+5fcmLek9jn15pJl5RiZE+MvVEatKYBsh7gZIjW0rGyZPEaJexIJAdv4hRMg2\r\nrUWVcZ+n7zvqRfwifBabG9IlX2lpCRyYci7ZP0op8mui0nzfcAm9ahvaU2jCU1pr\r\nM9+5Ag0EXZ+u\/wEQAKwUbFAZ2Mr28h6DX0hL9fkBFPfski76JbAhOZq8ajbTLvpZ\r\nU43b+7PmOPanElOOtWiJTlF8HA90goZVhzK6WhSkNCyrle5MNw1cHQATcdXvOK1I\r\nPaNDtRhJvuIKYKutGgg+T5351tZjY7N6xpcQSdOYkhjFf4kDxqkofjYzG6SckH8o\r\npMD7dmZB9yypgxx6h88EGcdjRIzZboh5JAm5iXAbypfepDa0KbuB1hJdMoXrOWRK\r\nhI2fL0XvkLajWHS61Smyevi9YDqE8oAmGpfSdWrZIgLPEwD+V\/1gWioejem+ZQIS\r\nKzSm0WgFnM2vjkc9G\/rYFdEGD9vfxAIndqWzMm9cQ4YldIoRSe572JjqHs\/gVwCe\r\nX5288tDJ3HwFAJSpty81t5g1go+E3x2n19ANCFsw3kFC+0qNw9NaGzzDe9rCAW8a\r\nx\/Q8PaIWtEUiwbhrvx2EHAX1K+qo+XWKxRSmL74QpaMUU90TIfdzKSKj1Gu2YLOP\r\nrERb17aaw\/kY4jnH\/xXoKn0r4WOIiquGKPbb65FTN8CfAaE9ZREmtFHeembevr37\r\nWRzOdCa5\/4JJtVmeMAOkXH3RQPR63bQj4xsxczLkWGm1SU7vLl9PWZ+KH9XWKLid\r\nmE8nnTaMgjeAAD5ch0xL2k4VRx8a8eSVflDTHefSdoVU6kUZYh8IvpibqDDfABEB\r\nAAGJAjwEGAEKACYWIQSTl4xE18TNl8zd+rVOzMNyNE5WygUCXZ+u\/wIbDAUJCWYB\r\ngAAKCRBOzMNyNE5Wyo6aD\/0agLMgr7VXYObeSIvq+y8gKFtyIXojOzuzXMskCy9z\r\npi7MLJmRhvlZom+9CUvlZDsRvqLSJ9mIK0pRqD6f3r5K\/OVZn+JMvmuu99Sxi4Hl\r\nymYGFGr40poK1ZoyvFvXb3940S274K0ArjhuzW9a35yvcnrCsNBJhX1aC9reyiwA\r\n41G1sGv68gfOssIfagb+YJYK4QfS3tqL+SPeyMtkxpBaAAgmzmeb8YPLh92GaXpx\r\nUeNqM\/pzyphaiZk8PeraVSuY4sGZXJFn\/qGV+mOhCOKzhI5QbspJ\/sYcADTFm90z\r\nQVq5IfvSK5yJJKxYzeey7Ky6AQUl53R769nbW1s+5dc4b0+70Ne7WzJIL7F5Y5Bb\r\nSCMbN\/yl+I7YQMxCmp3RSbnaS3fecwtt4sdyH866XilT6gRIsbtRSf\/hV4C1ktaP\r\ng\/NwVHg+vcguuaVC4\/P9QF51EjZf+WSh15+S0ZMYV96jTs3gf1reHzrwLFW+Jv0F\r\ni\/Ujq3rVca6QI\/Vh3C5a4Z\/coTIjlobuF4iFY0V5R+e3dJdf1YMlqcz4aNTuDSK3\r\nUYet9qXL<\/pre>\n<p>&nbsp;<\/p>\n","protected":false},"excerpt":{"rendered":"<p>\u00c9crivez un courriel \u00e0 l&rsquo;adresse suivante (de pr\u00e9f\u00e9rence crypt\u00e9) die WG: die-wg[\u00e4t]riseup[Punkt]net! Squatting Days Orga: squattingfreiburg[\u00e4t]riseup[Punkt]net Squat Freiburg Anti-Rep: squatfreiburg_antirep[\u00e4t]ungehorsam[punkt]ch Presse: die-wg-presse[\u00e4t]riseup[Punkt]net cl\u00e9 PGP indiqu\u00e9 ci-dessous! &nbsp; cl\u00e9 PGP die-wg &#8212;&#8211;BEGIN PGP PUBLIC KEY BLOCK&#8212;&#8211; mQINBFwLayUBEADBzX4yztHeURQcSNDjkNli5HiValyz2nDYVxKaXvK+gfVZOwli N7LdCtwiYo1C1wruqNC+rdxisdhXse7gYu7tu1pNrgNVp+RcYo\/ONC\/\/inTjLTce bOg9qKVhOJPwzmJfowad5\/D6wXFAQZla9Wt7Tnk7ecYJ66OuDG3O21Ml8wKhBymT V49S6PqXL3PzsONdL\/XqeYDz089Ntb2rrh1y19r3mrTqwZpYzYnTo8zyVfE\/\/8MB y6qXzNBZgppIw32FjuHjQ+1VhH1bQRUWli2wfiParvfkc7kyBQtWolR4idrTcLUl 0\/ZAh9B4zUFlqNXMmduSVaE4MYEesAf2fKwanU6tb2sDXl42x4xTv1ZYjVYpruDM pSh1OCfNwV4+2JLe3jj0Wn+xzGFhHcuFHZwCPzTQ4EZQ+MROL3wJjeta1EHIiPfB IN8EYxR\/ng62xRDyBNzHCNIttA5ndJvQ6mIkMnMgXyYttAPG1+zG7hZ+fvvyXz3v OyjzBWV7mD+DFX2VVh+0MFSHjE7v21oeBpBDuj8Kk5tgw+aoUX3DnMNS535LzLxx UVm2nyx2ScqFGJ6TpeRdZmvwnlEi\/GzZDyJBP33AcLYhrQdOLj+DPFXph9T7+f1i v7C0VP0Og8LF1e51uHGcDuAMLHMDfVjaxXOrhBW86TTJ4pgLI36Vhk2ISQARAQAB tBpEaWUgV0cgPGRpZS13Z0ByaXNldXAubmV0PokCPwQQAQgAKQUCXAtrKwYLCQcI AwIJEMEVT8\/jFq84BBUICgIDFgIBAhkBAhsDAh4BAAoJEMEVT8\/jFq84CqQP\/jmh 9x0F\/c94v5G8YIlVt3rHFFLGfqkK\/UjBWHjpGTbf1BtfjBC7lp3VAOr3Mo4WNf9O nFvQLHM3m8wHzPZeEyArAMz\/tQvEJvZPhhmwq5aykdoR08YtoTxSuTpAG5f+mwF4 PbfHnH8DRe2f+ahHq1\/4J5vwF0+Nv6KhoqkPrJwxsvIDVP7PXEsUQL7LTX1eKfIk 4D0RI3SA1wLQ2D8zXc1ZkOAzd9XJh7njB4uCANPxGz25mFx+63\/YPbWKCXcYgLbM 0P80wGKrrl3ZjKtLHhJR8Db2n+akc\/iyNGN\/Wk30UpUC\/ECcXPAF1QGLM4OFaZ8q ReqKVsKbABC0VdXpUUY0cfDRfwnyqMninLPfpxq6cNgNc4kbD5qla0mPw7D3HHDZ TILIF\/i9lptRXnZZe8mkf11OwRRKwT0Z1lZK0n8n875qYZ6FyKYgNRsuWZcF9y21 &hellip; <\/p>\n<p class=\"link-more\"><a href=\"https:\/\/diewg.noblogs.org\/fr\/kontakt\/\" class=\"more-link\">Continuer la lecture<span class=\"screen-reader-text\"> de &laquo;&nbsp;Contact&nbsp;&raquo;<\/span><\/a><\/p>\n","protected":false},"author":13310,"featured_media":0,"parent":0,"menu_order":0,"comment_status":"closed","ping_status":"closed","template":"","meta":{"_locale":"fr_FR","_original_post":"998","footnotes":""},"class_list":["post-1010","page","type-page","status-publish","hentry","fr-FR"],"_links":{"self":[{"href":"https:\/\/diewg.noblogs.org\/wp-json\/wp\/v2\/pages\/1010","targetHints":{"allow":["GET"]}}],"collection":[{"href":"https:\/\/diewg.noblogs.org\/wp-json\/wp\/v2\/pages"}],"about":[{"href":"https:\/\/diewg.noblogs.org\/wp-json\/wp\/v2\/types\/page"}],"author":[{"embeddable":true,"href":"https:\/\/diewg.noblogs.org\/wp-json\/wp\/v2\/users\/13310"}],"replies":[{"embeddable":true,"href":"https:\/\/diewg.noblogs.org\/wp-json\/wp\/v2\/comments?post=1010"}],"version-history":[{"count":9,"href":"https:\/\/diewg.noblogs.org\/wp-json\/wp\/v2\/pages\/1010\/revisions"}],"predecessor-version":[{"id":1804,"href":"https:\/\/diewg.noblogs.org\/wp-json\/wp\/v2\/pages\/1010\/revisions\/1804"}],"wp:attachment":[{"href":"https:\/\/diewg.noblogs.org\/wp-json\/wp\/v2\/media?parent=1010"}],"curies":[{"name":"wp","href":"https:\/\/api.w.org\/{rel}","templated":true}]}}