{"id":1311,"date":"2019-09-20T20:36:31","date_gmt":"2019-09-20T18:36:31","guid":{"rendered":"http:\/\/diewg.noblogs.org\/?page_id=1311"},"modified":"2019-09-20T20:45:26","modified_gmt":"2019-09-20T18:45:26","slug":"press-releases","status":"publish","type":"page","link":"https:\/\/diewg.noblogs.org\/en-US\/press-releases\/","title":{"rendered":"Press Releases"},"content":{"rendered":"<h1 class=\"entry-title\">Press Releases (mostly in German, being translated)<\/h1>\n<div class=\"entry-content\">\n<p>08.12.2019: <a href=\"https:\/\/diewg.noblogs.org\/press-releases\/guntram44-is-occupied\/\">Guntram44 is occupied<\/a><\/p>\n<p>08.12.2019: <a href=\"https:\/\/diewg.noblogs.org\/post\/2018\/12\/10\/pressemittelung-zur-hausbesetzung-in-der-guntramstrasse-44-am-8-12-2018\/\">R\u00fcckblick der Guntram44 Besetzung<\/a><\/p>\n<p>21.12.2019: <a href=\"https:\/\/diewg.noblogs.org\/post\/2018\/12\/20\/pressemitteilung-zur-besetzung-dreikoenigshaus\/\">Das Dreik\u00f6nigshaus ist besetzt!<\/a><\/p>\n<p>02.01.2019: <a href=\"https:\/\/diewg.noblogs.org\/post\/2019\/02\/02\/pressemitteilung-zur-wg-party-nr-1-kappellenweg-12a\/\">Partybesetzung #1<\/a><\/p>\n<p>28.02.2019: <a href=\"https:\/\/diewg.noblogs.org\/post\/2019\/02\/28\/klarastrasse-17-besetzt\/\">Die Klarastra\u00dfe 17 ist besetzt!<\/a><\/p>\n<p>07.03.2019: <a href=\"https:\/\/diewg.noblogs.org\/post\/2019\/03\/07\/mozartstrasse-raeumungsbedroht\/\">Mozartstra\u00dfe akut r\u00e4umungsbedroht!<\/a><\/p>\n<p>07.03.2019: <a href=\"http:\/\/raeumung-der-mozart3-und-klara17\">R\u00e4umung der Mozart3 und Klara17<\/a><\/p>\n<p>04.04.2019: <a href=\"https:\/\/diewg.noblogs.org\/post\/2019\/04\/04\/liveticker-zur-wiederbesetzung-der-mozart-3\/\">Wiederbesetzung der Mozart 3<\/a><\/p>\n<\/div>\n","protected":false},"excerpt":{"rendered":"<p>Press Releases (mostly in German, being translated) 08.12.2019: Guntram44 is occupied 08.12.2019: R\u00fcckblick der Guntram44 Besetzung 21.12.2019: Das Dreik\u00f6nigshaus ist besetzt! 02.01.2019: Partybesetzung #1 28.02.2019: Die Klarastra\u00dfe 17 ist besetzt! 07.03.2019: Mozartstra\u00dfe akut r\u00e4umungsbedroht! 07.03.2019: R\u00e4umung der Mozart3 und Klara17 04.04.2019: Wiederbesetzung der Mozart 3<\/p>\n","protected":false},"author":13310,"featured_media":0,"parent":0,"menu_order":0,"comment_status":"closed","ping_status":"closed","template":"","meta":{"_locale":"en_US","_original_post":"1311","footnotes":""},"class_list":["post-1311","page","type-page","status-publish","hentry","en-US"],"_links":{"self":[{"href":"https:\/\/diewg.noblogs.org\/wp-json\/wp\/v2\/pages\/1311","targetHints":{"allow":["GET"]}}],"collection":[{"href":"https:\/\/diewg.noblogs.org\/wp-json\/wp\/v2\/pages"}],"about":[{"href":"https:\/\/diewg.noblogs.org\/wp-json\/wp\/v2\/types\/page"}],"author":[{"embeddable":true,"href":"https:\/\/diewg.noblogs.org\/wp-json\/wp\/v2\/users\/13310"}],"replies":[{"embeddable":true,"href":"https:\/\/diewg.noblogs.org\/wp-json\/wp\/v2\/comments?post=1311"}],"version-history":[{"count":2,"href":"https:\/\/diewg.noblogs.org\/wp-json\/wp\/v2\/pages\/1311\/revisions"}],"predecessor-version":[{"id":1317,"href":"https:\/\/diewg.noblogs.org\/wp-json\/wp\/v2\/pages\/1311\/revisions\/1317"}],"wp:attachment":[{"href":"https:\/\/diewg.noblogs.org\/wp-json\/wp\/v2\/media?parent=1311"}],"curies":[{"name":"wp","href":"https:\/\/api.w.org\/{rel}","templated":true}]}}