{"id":1281,"date":"2019-09-20T13:27:58","date_gmt":"2019-09-20T11:27:58","guid":{"rendered":"https:\/\/diewg.noblogs.org\/?page_id=1281"},"modified":"2019-10-22T20:12:56","modified_gmt":"2019-10-22T18:12:56","slug":"programm","status":"publish","type":"page","link":"https:\/\/diewg.noblogs.org\/en-US\/programm\/","title":{"rendered":"programme"},"content":{"rendered":"<p>Agenda for the Squatting Days with all open events, skill shares, workshops, info events and more. We&#8217;ll keep adding more stuff until the beginning of the days!<\/p>\n<p>If you want to add events to the program, write an (encrypted if possible) email to squattingfreiburg[at]riseup[dot]net! <a href=\"https:\/\/diewg.noblogs.org\/en\/kontakt\/\">(PGP key)<\/a><\/p>\n<p><strong>Below the programme you can find a description on how to get to all event rooms and spaces!<\/strong><\/p>\n<hr \/>\n<p>&nbsp;<\/p>\n<h1><strong>Tuesday, 22.10. <\/strong><\/h1>\n<p><strong>1 &#8211; 2 pm KTS Autonomous acti<\/strong><strong>on consultation hour<br \/>\n<\/strong><span class=\"author-a-z78zz122zjz85zz80zvz78zz122zz68zz90zz86zsmz72zz65z7\">Your affinity group is planning a small group action, but there are still things\u00a0 remaining unclear? You don&#8217;t know your way around in the city? The action consulation hour offers a space to exchange Freiburg specific infos and talk about the legal situation and possible consequences. We&#8217;re no lawyers, but we know Freiburg and will have info material. We are looking forward to you dropping by! Preparation is more than a good start.<\/span><\/p>\n<p><strong>6 &#8211; 10 pm F\u00f6Ca Squat Caf\u00e9<\/strong><br \/>\nDas letzte selbstverwaltete Caf\u00e9 der Universit\u00e4t Freiburg l\u00e4dt ein. Input zur Geschichte des F\u00f6Ca, offener Austausch und einfach nur Chillen: Wieso ist das F\u00f6Ca das einzige seiner Art? Wie k\u00f6nnen Freir\u00e4ume an der Universit\u00e4t politisch gestaltet und mehr werden? Erfahrungen, Ideen, Vernetzung&#8230; Wir freuen uns besonders \u00fcber Menschen aus anderen Fakult\u00e4ten und nicht-universit\u00e4ren Kontexten. Schnuppert rein, genie\u00dft mit uns ein k\u00fchles Getr\u00e4nk, fl\u00e4zt auf der Couch oder w\u00e4rmt euch einfach nur bei einem Tee auf.<\/p>\n<h1>Wednesday, 23.10.<\/h1>\n<p><strong>17h KTS Open plenary<br \/>\n<\/strong>Die H\u00e4lfte der Squatting-Days sind vergangen und wir wollen ein offenes Plenum einberufen um mit allen daran Beteiligten zusammen zu \u00fcberlegen, wie es an welchen Ecken weiter gehen kann, wie wir mit m\u00f6glicherweise schon eingetretenen Repressionen umgehen und worauf wir sonst noch so Bock haben.<\/p>\n<h1><strong>Thursday, 24.10. <\/strong><\/h1>\n<p><strong>19h Jos Fritz Caf\u00e9: Finissage \u201eVibesbilder\u201c LocArtista<\/strong><br \/>\nLetzter Abend im Rahmen der Ausstellung \u201eVibesbilder\u201c vom LocArtista Festival und gleichzeitig erstes K\u00fcnstlerinnen*-Caf\u00e9. Zum Kennenlernen, spontanen Pl\u00e4neschmieden oder Herzaussch\u00fctten f\u00fcr alle kunstschaffenden und kunstinteressierten Frauen*.<\/p>\n<p><strong>19h Kyosk: strategies of the climate (justice) movement &#8211; a critical discussion about Extinction Rebellion<br \/>\n<\/strong>Discussion based on texts from media and political groups about XR, it&#8217;s goals, perspectives and how an anarchist perspective on it might look like.<strong><br \/>\n<\/strong><\/p>\n<p>[de] Anhang von Texten aus den verschiedensten Ecken der Medienlandschaft<br \/>\nwird eine Kritik an XR umrissen. Wir fragen uns, welche Tragweite diese<br \/>\nBewegung tats\u00e4chlich haben kann und was XR eigentlich mit<br \/>\nanarchistischen Idealen zu tun hat. Kann eine zivilgesellschaftliche<br \/>\nBewegung Regierungen dazu dr\u00e4ngen, ihr Klimaziele einzuhalten? Und wie<br \/>\nsieht es eigentlich um die Frage um Gewalt bei Aktionen aus? Und was hat<br \/>\nes mit dem freundlichen Umgang mit der Polizei w\u00e4hrend Verhaftungen auf<br \/>\nsich? Ist XR gar elit\u00e4r, regressiv, naiv?<br \/>\nFalls euch folgende Zitate zu vorliegenden Texten ansprechen, schaut<br \/>\nvorbei. Wir hoffen auf eine lebhafte Diskussion!<br \/>\n&#8220;Das ist eine Bewegung von Millennials, die von Wissenschaft sprechen<br \/>\nm\u00f6gen, aber von schierem Irrationalismus getrieben sind, von Angst,<br \/>\nmoralischem Zusammenbruch und Menschenhass. Das ist die<br \/>\nheruntergekommene, selbsthassende Bourgeoisie, die zusammenkommt, um<br \/>\nihre eigenen psychosozialen Defizite auf die Gesellschaft insgesamt zu<br \/>\nprojizieren.&#8221; Brendan O\u2018Neill<br \/>\n&#8220;Da gibt es Kakao-Zeremonien und Gruppen, in denen jeder seine Angst vor<br \/>\nder Ausl\u00f6schung der Menschheit besprechen kann. Stunden der Stille<br \/>\nwerden abgehalten, um die innere Ruhe und die Verbundenheit mit den<br \/>\nanderen Menschen in der Gruppe zu finden: Gleichgewicht finden f\u00fcr die<br \/>\nadrenalingeladene Revolution. Am Mittwoch gibt es in Berlin eine Stunde<br \/>\nMeditation f\u00fcr die Erde.&#8221; Ingo Arzt<br \/>\n&#8220;Nichts ist f\u00fcr einen wertkonservativen Linken schlimmer als eine neue<br \/>\nerfolgreiche Protestbewegung, die das eigene Deutungsmonopol zur<br \/>\nWeltrettung bedroht.&#8221; Mikael in den Fahrt<br \/>\n&#8220;Cops believe in authoritative systems and every act of disobeying their<br \/>\nauthority might be a provocation for them. I believe that we should not<br \/>\ntake this, if the police feels provoked or not, as a measurement to<br \/>\nchoose which strategy we value as effective.&#8221; Anomym hambacherforst.org<br \/>\n&#8220;Hierarchie, Intransparenz, Gurus und esoterische Ideologie satt. Statt<br \/>\nkritischer Aufkl\u00e4rung bieten sie Inszenierungen, bei denen drei Menschen<br \/>\nmit Seil um den Hals am Galgen stehen, unter ihren F\u00fc\u00dfen schmelzendes<br \/>\nEis. Mich erinnerte das Bild an Erh\u00e4ngung von Zivilist*innen durch<br \/>\nWehrmacht und SD-Gruppen an der Ostfront.&#8221; Jutta Ditfurth<br \/>\n&#8220;The strategy of XR, with the primary tactic of being arrested, is a<br \/>\nvalid one \u2013 but it needs to be underlined by an ongoing analysis of<br \/>\nprivilege as well as the realityof police and state violence.&#8221; Red pepper<br \/>\n<em>(as part of Zum Kuckuck! open anarchist meeting, AG Freiburg)<\/em><br \/>\n______<br \/>\nAfterwards: Rote Hilfe bar (left wing anti repression solidarity network bar)<\/p>\n<h1><strong>Friday, 25.10. <\/strong><\/h1>\n<p><strong>1:30 &#8211; 3 pm KTS: Autonomous action consultation hour<\/strong><br \/>\nYour affinity group is planning a small group action, but there are still things\u00a0 remaining unclear? You don&#8217;t know your way around in the city? The action consulation hour offers a space to exchange Freiburg specific infos and talk about the legal situation and possible consequences. We&#8217;re no lawyers, but we know Freiburg and will have info material. We are looking forward to you dropping by! Preparation is more than a good start.<\/p>\n<p>&nbsp;<\/p>\n<div><span style=\"color: #ffffff\"><b><span style=\"font-size: large\">17.39h &#8211; Many VOICES creating ONE SOUND for SOLIDARITY &amp; HUMANITY<\/span><\/b><\/span><\/div>\n<div><span style=\"color: #ffffff\"><b><span style=\"font-size: large\">\u00a0<\/span><\/b><\/span><\/div>\n<div>\n<div><span style=\"color: #ffffff\">come at <b>17:39 to<\/b><b> st\u00fchlingerkirchplatz <\/b>and give all your voices to all living beings and show our solidarity and support NOW! <b><br \/>\n<\/b><\/span><\/div>\n<div><span style=\"color: #ffffff\">voices know no borders, they go beyond!!<\/span><\/div>\n<div><span style=\"color: #ffffff\">beyond borders, nations, gender, history, space, time &#8230;\u00a0\u00a0<\/span><\/div>\n<div><span style=\"color: #ffffff\">\u00a0<\/span><\/div>\n<div><span style=\"color: #ffffff\">let us all raise our voices!<br \/>\n<\/span><\/div>\n<div><span style=\"color: #ffffff\">21 minuten long:\u00a0 &#8220;many voices creating one sound for solidarity and humanity!&#8221;<\/span><\/div>\n<div><\/div>\n<\/div>\n<p><strong>6pm Night rave demo: rave against repression and society&#8217;s shift to the right<\/strong><br \/>\nstarting at St\u00fchlinger Kirchplatz<\/p>\n<h1><strong>Saturday, 26.10. <\/strong><\/h1>\n<p><strong>3pm ignite! workshop: Let&#8217;s talk about gender, baby!<\/strong><br \/>\n<strong>Short introduction to feminisms, gender and antisexism put into practice<\/strong><br \/>\n<em>place will be announced later<\/em><br \/>\nNo prior knowledge needed. If you need English translation we will organize a whisper translation. If you need translation into other languages bring a friend to translate or contact us in advance.<br \/>\nA workshop by the<a href=\"https:\/\/ignite.blackblogs.org\"> ignite! workshop collective<\/a>. An event organized by the anarchafeminist group <a href=\"https:\/\/tacker.fr\/node\/6666\">unbeherrscht<\/a>.<\/p>\n<h1><strong>Friday, 25.10. <\/strong><\/h1>\n<p><strong>6pm Night rave demo: rave against repression and society&#8217;s shift to the right<\/strong><br \/>\nstarting at St\u00fchlinger Kirchplatz<\/p>\n<h1>Sunday, 27.10.<\/h1>\n<p><strong>tba Open plenary<\/strong><\/p>\n<h1>Tuesday, 29.10.<\/h1>\n<p><strong>End of the Squatting Days, departure<\/strong><\/p>\n<h1><strong>*** Where are events happening? ***<\/strong><\/h1>\n<p><strong> F\u00f6Ca<\/strong> &#8211; F\u00f6rstercaf\u00e9, Herderbau 1.0G, Tennenbacher Stra\u00dfe 4<\/p>\n<p><strong>fz*<\/strong> &#8211; feministisches Zentrum, FLINT* room, meaning room open for all gender BUT cis-men, <span class=\"address-line1\">Grethergel\u00e4nde 20, <\/span><span class=\"postal-code\">79098<\/span> <span class=\"locality\">Freiburg, <a href=\"https:\/\/tacker.fr\/node\/1396\">map<\/a><\/span><\/p>\n<p><strong>G19<\/strong> &#8211; squat at Gartenstra\u00dfe 19, <span class=\"postal-code\">79098<\/span> <span class=\"locality\">Freiburg, <a href=\"https:\/\/tacker.fr\/node\/1394\">map<\/a><\/span><\/p>\n<p><strong>Jos Fritz Caf\u00e9<\/strong> &#8211; Wilhelmstra\u00dfe 15, 79098 Freiburg, <a href=\"https:\/\/www.openstreetmap.org\/way\/108601938\">map<\/a><strong><br \/>\n<\/strong><\/p>\n<p><strong>KTS<\/strong> &#8211; Kultur Treff in Selbstverwaltung, Baslerstr. 103, 79100 Freiburg <a href=\"https:\/\/www.openstreetmap.org\/node\/1585816424\">map <\/a><\/p>\n<p><strong> Kyosk <\/strong>&#8211; aka Interym, Adlerstr. 2, <span class=\"postal-code\">79098<\/span> <span class=\"locality\">Freiburg<\/span>, <a href=\"https:\/\/tacker.fr\/node\/1410\">map<\/a><\/p>\n<p><strong>M\u00fcnster<\/strong> &#8211; M\u00fcnsterplatz, church on a public square downtown, 79098 Freiburg, <a href=\"https:\/\/www.openstreetmap.org\/way\/110404213#map=19\/47.99554\/7.85289\">map<\/a><\/p>\n<p><strong>St\u00fchlingerkirchplatz<\/strong> &#8211; St\u00fchlingerkirchplatz, public square, 79106 Freiburg, <a href=\"https:\/\/www.openstreetmap.org\/way\/23226931#map=18\/47.99690\/7.83777\">map<\/a><\/p>\n<hr \/>\n<p>in the past<\/p>\n<h1><strong>Friday, 18.10.<br \/>\n<\/strong><\/h1>\n<p><strong>Arrival<\/strong><\/p>\n<p><strong>15h-18h: Hangry Zine project \u2013 information and workshop<\/strong><\/p>\n<p>Presentation of the Hangry Zine project followed by a creative workshop<br \/>\non body image and body normativity.<br \/>\nBecause our daily life is normalized and because even though in activist<br \/>\ncircles most norms get questioned, body norms are too rarely an issue<br \/>\nthat we talk about, during this workshop, you are invited to express<br \/>\nyourself on this topic in any form \u2013 collages, poetry, texts, drawings\u2026<br \/>\nIn the end, you can keep what you did for yourself or share it (also<br \/>\nanonymously) with the other participants.<br \/>\nWe provide materials for handicrafts, writing and drawing as well as<br \/>\nlittle impetus for writing.<br \/>\nA little infokiosk with zines and books will be there.<br \/>\nThe persons giving the workshop speak German and English.<\/p>\n<h1><strong>Saturday, 19.10.<br \/>\n<\/strong><\/h1>\n<p><strong>7 pm legal team info workshop &#8220;what to do when things get rough?&#8221;<br \/>\n<\/strong><\/p>\n<p><strong>7 pm Can\u2019t evict solidarity (EkiB)<\/strong><\/p>\n<p>This workshop will be in German but we can try to organise a whisper translation into English<\/p>\n<p>As part of the solidarity campaign \u201cYou can\u2019t evict Solidarity\u201d, activists will give an account of the current situation and the repression against refugees in Greece and along the Balkan route. In order to do this they will give a short overview about the situation on the frequented so-called \u201cBalkan route\u201d, especially with regard to state repression against refugees, resistance and emancipatory projects that try to oppose state control and repression \u2013 squats play an important role here. Additionally, there will an account of and updates about lawsuits and the current anti-repression work of the group \u201cCan\u2019t evict Solidarity\u201d. After this there will be space for a discussion about transnational anti-racist struggles, solidarity work and the possibilities to support such struggles.<\/p>\n<p>More information can be found on the blog of the campaign at cantevictsolidarity.noblogs.org.<\/p>\n<h1><strong>Sunday, 20.10.<br \/>\n<\/strong><\/h1>\n<p><strong>12 am Creative crafting and banner painting session<br \/>\n<\/strong>On Sunday we will design and paint banners together. Come join us and bring some material.<\/p>\n<p><strong><br \/>\n5 pm Open Meeting<br \/>\n<\/strong>Do you want some information about the Squatting Days? Do you want to know what\u2018s going on and how you can get involved? Do you want to talk to other people about your expectations and aims?<\/p>\n<p>Then come on Sunday at 5pm to our first big meeting.<\/p>\n<p>There will be an overview about the program and the structures during the Squatting Days. All important information about Awareness, OutofAction, EA (Legal Team), Infopoints, antirepressionstructures und the situation in Freiburg will also be presented here<\/p>\n<p>If you don\u2018t have a place to sleep yet, here\u2018s also the place to arrange something.<\/p>\n<p>To make the Squatting Days to reach the potential we all know it can reach, we also need your help! At the meeting you will also be able to register for shifts and bring ideas to the group about how you can contribute and suggest whatever you think is missing.<\/p>\n<p>It doesn\u2018t matter whether you are here with a group or alone, during the meeting there will be the oppurtunity to meet other people, get to know them and form groups for the Squatting Days. There will also be time and space to share our goals and expections for the Squatting Days and talk about things that people think are important during the Squatting Days,<\/p>\n<p>So come Sunday evening to our first meeting, so that we can organise Squatting Days together.<\/p>\n<h1><strong>Monday, 21.10. <\/strong><\/h1>\n<p><strong>3 &#8211; 7 pm feminist city rally<\/strong><\/p>\n<p>Come discover the city by visiting us at the different stations in the<br \/>\ncity centre and St\u00fchlinger between 15:00 and 19:00. The meeting point is<br \/>\nat the first station in G19 (Gartenstr. 19). From there you can find out<br \/>\nthe locations of the other stations. At 19:30 there will be a prize<br \/>\ngiveaway at the KTS. We look forward to seeing you!<\/p>\n<p><strong><br \/>\n<\/strong><strong>7:30 pm feminist city rally<\/strong><strong> award ceremony<br \/>\n<\/strong><\/p>\n<p><strong>20:00 Input: RADAR.SQUAT.NET (EN)<\/strong><br \/>\nWe need our own structures &#8211; online as much as offline. A short workshop on how radar.squat.net works as an event calender for activists and ideas for the site.<\/p>\n<p><strong>20h-21h30 Dance and Move im Fz*: <\/strong><strong>Listen to Dance<br \/>\n<\/strong><em>\u201eBecome a radical listener of your body. <\/em><em>Dive deeper into the layers of your physical existence Break your sensation down to a molecular level <\/em><em>Meet your spirit beyond borders and Find your authentic expression through Voice and Movement.&#8221;<\/em><br \/>\nMit Elementen aus dem zeitgen\u00f6ssischen Tanz und der tiefgreifenden Technik von Visualisation \u00f6ffnen wir R\u00e4ume, in denen wir unser Bewegungspotential in der Gruppe und alleine erforschen, unser K\u00f6rperbewusstsein verfeinern und das Vertrauen in unseren K\u00f6rper als t\u00e4nzerische und kreative Stimme st\u00e4rken. &#8220;Lets dance &#8211; and allow movement to move &#8211; you, me, all &#8211; the time!&#8221; *Grethergel\u00e4nde, Adlerstr. 12 Who: FLTI* Menschen (Frauen_Lesben _Trans_Inter*)<\/p>\n<p><strong>21h30 Squatting in the Netherlands<\/strong><br \/>\nAn update on the state of squatting in the netherlands<\/p>\n","protected":false},"excerpt":{"rendered":"<p>Agenda for the Squatting Days with all open events, skill shares, workshops, info events and more. We&#8217;ll keep adding more stuff until the beginning of the days! If you want to add events to the program, write an (encrypted if possible) email to squattingfreiburg[at]riseup[dot]net! (PGP key) Below the programme you can find a description on &hellip; <\/p>\n<p class=\"link-more\"><a href=\"https:\/\/diewg.noblogs.org\/en-US\/programm\/\" class=\"more-link\">Continue reading<span class=\"screen-reader-text\"> &#8220;programme&#8221;<\/span><\/a><\/p>\n","protected":false},"author":13310,"featured_media":0,"parent":0,"menu_order":0,"comment_status":"closed","ping_status":"closed","template":"","meta":{"_locale":"en_US","_original_post":"1279","footnotes":""},"class_list":["post-1281","page","type-page","status-publish","hentry","en-US"],"_links":{"self":[{"href":"https:\/\/diewg.noblogs.org\/wp-json\/wp\/v2\/pages\/1281","targetHints":{"allow":["GET"]}}],"collection":[{"href":"https:\/\/diewg.noblogs.org\/wp-json\/wp\/v2\/pages"}],"about":[{"href":"https:\/\/diewg.noblogs.org\/wp-json\/wp\/v2\/types\/page"}],"author":[{"embeddable":true,"href":"https:\/\/diewg.noblogs.org\/wp-json\/wp\/v2\/users\/13310"}],"replies":[{"embeddable":true,"href":"https:\/\/diewg.noblogs.org\/wp-json\/wp\/v2\/comments?post=1281"}],"version-history":[{"count":24,"href":"https:\/\/diewg.noblogs.org\/wp-json\/wp\/v2\/pages\/1281\/revisions"}],"predecessor-version":[{"id":1372,"href":"https:\/\/diewg.noblogs.org\/wp-json\/wp\/v2\/pages\/1281\/revisions\/1372"}],"wp:attachment":[{"href":"https:\/\/diewg.noblogs.org\/wp-json\/wp\/v2\/media?parent=1281"}],"curies":[{"name":"wp","href":"https:\/\/api.w.org\/{rel}","templated":true}]}}