{"id":1114,"date":"2019-09-19T17:11:57","date_gmt":"2019-09-19T15:11:57","guid":{"rendered":"https:\/\/diewg.noblogs.org\/?page_id=1114"},"modified":"2019-10-20T21:11:10","modified_gmt":"2019-10-20T19:11:10","slug":"dokumentation","status":"publish","type":"page","link":"https:\/\/diewg.noblogs.org\/en-US\/dokumentation\/","title":{"rendered":"documentation"},"content":{"rendered":"<p><em>Here we document actions around the Squatting days and those that reference these. If you find texts, pictures, etc. send them via <a href=\"https:\/\/diewg.noblogs.org\/en\/kontakt\/\">email<\/a>!<\/em><\/p>\n<h1>20.10.2019: Stadtbau Freiburg attacked with color<\/h1>\n<p>&#8220;Today the office of the &#8220;Stadtbau&#8221; was attacked with &#8220;coloreggs&#8221;. With that action, some &#8220;concerned citizens&#8221; wanted to show the failure of the cityplanning of the city of Freiburg. 14,50\u20ac for one squaremeter?! Do squat, be reasonable!&#8221;<\/p>\n<h1>28.09.2019: VilLA54 in Berlin squatted &#8211; Tu Mal Wat Besetzen!<\/h1>\n<figure id=\"attachment_1569\" aria-describedby=\"caption-attachment-1569\" style=\"width: 592px\" class=\"wp-caption alignnone\"><a href=\"https:\/\/diewg.noblogs.org\/files\/2019\/09\/doc.jpg\"><img loading=\"lazy\" decoding=\"async\" class=\"size-full wp-image-1569\" src=\"https:\/\/diewg.noblogs.org\/files\/2019\/09\/doc.jpg\" alt=\"\" width=\"592\" height=\"333\" srcset=\"https:\/\/diewg.noblogs.org\/files\/2019\/09\/doc.jpg 592w, https:\/\/diewg.noblogs.org\/files\/2019\/09\/doc-300x169.jpg 300w\" sizes=\"auto, (max-width: 592px) 100vw, 592px\" \/><\/a><figcaption id=\"caption-attachment-1569\" class=\"wp-caption-text\">Tu Mal Wat f\u00fcr die Mobi machen. Transpi f\u00fcr die Squatting Days Freiburg an der VilLA54<\/figcaption><\/figure>\n<p>(auf <a href=\"https:\/\/de.indymedia.org\/node\/38055\">indymedia<\/a> gefunden)<br \/>\n&#8220;During the Tu-Mal-Wat action days, we squatted the old brewery in Lansberger Allee 54. Where old east berliner houses meet new and sterile luxury accommodations, is this beautiful building, that\u2019s already empty since seven years. Instead of having a non-hierarchical, self organized neighborhood space, until now, speculative vacancy was overtaking. [&#8230;]<\/p>\n<div id='gallery-1' class='gallery galleryid-1114 gallery-columns-2 gallery-size-large'><figure class='gallery-item'>\n\t\t\t<div class='gallery-icon landscape'>\n\t\t\t\t<a href='https:\/\/diewg.noblogs.org\/files\/2019\/09\/EFjA3RNXYAAPK0T.jpg'><img loading=\"lazy\" decoding=\"async\" width=\"525\" height=\"295\" src=\"https:\/\/diewg.noblogs.org\/files\/2019\/09\/EFjA3RNXYAAPK0T-1024x576.jpg\" class=\"attachment-large size-large\" alt=\"\" aria-describedby=\"gallery-1-1570\" srcset=\"https:\/\/diewg.noblogs.org\/files\/2019\/09\/EFjA3RNXYAAPK0T-1024x576.jpg 1024w, https:\/\/diewg.noblogs.org\/files\/2019\/09\/EFjA3RNXYAAPK0T-300x169.jpg 300w, https:\/\/diewg.noblogs.org\/files\/2019\/09\/EFjA3RNXYAAPK0T-768x432.jpg 768w, https:\/\/diewg.noblogs.org\/files\/2019\/09\/EFjA3RNXYAAPK0T.jpg 1200w\" sizes=\"auto, 100vw\" \/><\/a>\n\t\t\t<\/div>\n\t\t\t\t<figcaption class='wp-caption-text gallery-caption' id='gallery-1-1570'>\n\t\t\t\tVilLA54 in Berlin Friedrichshain\n\t\t\t\t<\/figcaption><\/figure><figure class='gallery-item'>\n\t\t\t<div class='gallery-icon landscape'>\n\t\t\t\t<a href='https:\/\/diewg.noblogs.org\/files\/2019\/09\/doc.jpg'><img loading=\"lazy\" decoding=\"async\" width=\"525\" height=\"295\" src=\"https:\/\/diewg.noblogs.org\/files\/2019\/09\/doc.jpg\" class=\"attachment-large size-large\" alt=\"\" aria-describedby=\"gallery-1-1569\" srcset=\"https:\/\/diewg.noblogs.org\/files\/2019\/09\/doc.jpg 592w, https:\/\/diewg.noblogs.org\/files\/2019\/09\/doc-300x169.jpg 300w\" sizes=\"auto, 100vw\" \/><\/a>\n\t\t\t<\/div>\n\t\t\t\t<figcaption class='wp-caption-text gallery-caption' id='gallery-1-1569'>\n\t\t\t\tTu Mal Wat f\u00fcr die Mobi machen. Transpi f\u00fcr die Squatting Days Freiburg an der VilLA54\n\t\t\t\t<\/figcaption><\/figure><figure class='gallery-item'>\n\t\t\t<div class='gallery-icon portrait'>\n\t\t\t\t<a href='https:\/\/diewg.noblogs.org\/files\/2019\/09\/EFjHlJnWwAUUCh3.jpg'><img loading=\"lazy\" decoding=\"async\" width=\"525\" height=\"933\" src=\"https:\/\/diewg.noblogs.org\/files\/2019\/09\/EFjHlJnWwAUUCh3-576x1024.jpg\" class=\"attachment-large size-large\" alt=\"\" aria-describedby=\"gallery-1-1571\" srcset=\"https:\/\/diewg.noblogs.org\/files\/2019\/09\/EFjHlJnWwAUUCh3-576x1024.jpg 576w, https:\/\/diewg.noblogs.org\/files\/2019\/09\/EFjHlJnWwAUUCh3-169x300.jpg 169w, https:\/\/diewg.noblogs.org\/files\/2019\/09\/EFjHlJnWwAUUCh3.jpg 675w\" sizes=\"auto, 100vw\" \/><\/a>\n\t\t\t<\/div>\n\t\t\t\t<figcaption class='wp-caption-text gallery-caption' id='gallery-1-1571'>\n\t\t\t\tVersuchte Kletterr\u00e4umung\n\t\t\t\t<\/figcaption><\/figure><figure class='gallery-item'>\n\t\t\t<div class='gallery-icon portrait'>\n\t\t\t\t<a href='https:\/\/diewg.noblogs.org\/files\/2019\/09\/EFkMQV9X0AIrOzy.jpg'><img loading=\"lazy\" decoding=\"async\" width=\"525\" height=\"933\" src=\"https:\/\/diewg.noblogs.org\/files\/2019\/09\/EFkMQV9X0AIrOzy-576x1024.jpg\" class=\"attachment-large size-large\" alt=\"\" aria-describedby=\"gallery-1-1572\" srcset=\"https:\/\/diewg.noblogs.org\/files\/2019\/09\/EFkMQV9X0AIrOzy-576x1024.jpg 576w, https:\/\/diewg.noblogs.org\/files\/2019\/09\/EFkMQV9X0AIrOzy-169x300.jpg 169w, https:\/\/diewg.noblogs.org\/files\/2019\/09\/EFkMQV9X0AIrOzy.jpg 675w\" sizes=\"auto, 100vw\" \/><\/a>\n\t\t\t<\/div>\n\t\t\t\t<figcaption class='wp-caption-text gallery-caption' id='gallery-1-1572'>\n\t\t\t\tHausr\u00e4umung (Bilder von VilLA54 twitter)\n\t\t\t\t<\/figcaption><\/figure>\n\t\t<\/div>\n\n<p>First of all, this place should be a safe space. Violence against people of color, migrants, LGBTIQ people, jewish and muslim people, homeless and other marginalized people, becomes more normal day by day, especially outside of the \u201cscene neighborhoods\u201d. Our room, should give these people protection. It is also especially a room for everyone who wants to participate in creating it or looks for refuge, not only for \u201cscene leftists\u201d. The top floor of the vilLA, is a room without cis-men. All other gender identities are welcomed. Machoist or pseudo-aware behavior stays outside! [&#8230;]<br \/>\nFor a city from beneath instead a city of the rich!<br \/>\nCome by, and show your solidarity for our and the other emancipatory projects. Squat the world!&#8221;<\/p>\n<h1><strong>September 2019: &#8216;Fighting Vonovia&#8217;<br \/>\n<\/strong><\/h1>\n<p>In Freiburg people repainted and flattened a Vonovia car in the night of Sept 13th criticizing the green and clean image the city is trying to push. More info in the original statement below (in German).<\/p>\n<p><a href=\"https:\/\/diewg.noblogs.org\/files\/2019\/09\/arton2612.png\"><img loading=\"lazy\" decoding=\"async\" class=\"aligncenter wp-image-1269 size-full\" src=\"https:\/\/diewg.noblogs.org\/files\/2019\/09\/arton2612.png\" alt=\"\" width=\"710\" height=\"398\" srcset=\"https:\/\/diewg.noblogs.org\/files\/2019\/09\/arton2612.png 710w, https:\/\/diewg.noblogs.org\/files\/2019\/09\/arton2612-300x168.png 300w\" sizes=\"auto, (max-width: 710px) 100vw, 710px\" \/><\/a><\/p>\n<div class=\"chapo\">\n<p>(found on <a href=\"https:\/\/barrikade.info\/article\/2612\">barrikade<\/a>) &#8220;In der Nacht vom 13. auf den 14. September haben wir ein Vonovia-Auto in Freiburg-Z\u00e4hringen mit Messer und Farben angegriffen. Damit schwappt nun endlich die n\u00e4chtliche Anti-Vonovia Bewegung mancher militanter Gr\u00fcppchen ins ach so h\u00fcbsch-saubere Freiburg im Breisgau \u00fcber. Das Auto wurde mit zerstochenen Reifen und klaren Worten auf Scheiben und W\u00e4nden zur\u00fcckgelassen. Auf das dies erst der Anfang war!<\/p>\n<\/div>\n<div>\n<p>Wir haben mit der Aktion die Machenschaften von Deutschlands gr\u00f6\u00dftem Immobilienkonzern sabotiert, um in der Clean&amp;Green-City Freiburg ein deutliches Zeichen setzen, dass systematische Verdr\u00e4ngung und ungehemmter Profitwahn nicht ungesehen toleriert wird. Gerade hier, wo Mieten immer unbezahlbarer werden, dem Metzgergr\u00fcn als n\u00e4chstem Viertel der Kahlschlag droht und wo Obdachlosigkeit am liebsten von der Stra\u00dfe gekehrt wird, ja gerade hier, leisten wir aktiven Widerstand gegen das herrschende zerst\u00f6rerische und kapitalistische System im Kleinen, sowie im Gro\u00dfen.<\/p>\n<p>Die Aktion ist auch als eine Einstimmung auf einen st\u00fcrmischen Oktober zu verstehen. \u201eTu mal wat\u201c-Basswellen schallen aus Berlin in die Republik. Wir sagen: Joo, wir machen ja was! Auf auf mit euch ins Dreil\u00e4ndereck zu kraftvollen und vielf\u00e4ltigen Squatting Days vom 18.-25. Oktober! Lasst uns gemeinsam Freiburg von ihrer gr\u00fcnversifften Au\u00dfenfassade befreien und zusammen mit Gef\u00e4hrt*innen von jenseits deutscher Staatsgrenzen Wohnraum besetzen, halten und gestalten! Lasst uns R\u00e4ume schaffen, in denen gelebt und gek\u00e4mpft wird! Denn: Wohnraum ist und bleibt keine Ware!<\/p>\n<p>Mehr Infos zu den Squatting Days in Freiburg unter <a class=\"spip_url spip_out auto\" href=\"http:\/\/www.diewg.noblogs.org\" rel=\"nofollow external\">www.diewg.noblogs.org<\/a><br class=\"autobr\" \/>Ausf\u00fchrliche Kritik an Vonovia z.B. Autonomes Bl\u00e4ttchen #37&#8243;<\/p>\n<div id='gallery-2' class='gallery galleryid-1114 gallery-columns-2 gallery-size-large'><figure class='gallery-item'>\n\t\t\t<div class='gallery-icon landscape'>\n\t\t\t\t<a href='https:\/\/diewg.noblogs.org\/files\/2019\/09\/p1030997.jpg'><img loading=\"lazy\" decoding=\"async\" width=\"525\" height=\"394\" src=\"https:\/\/diewg.noblogs.org\/files\/2019\/09\/p1030997-1024x768.jpg\" class=\"attachment-large size-large\" alt=\"\" aria-describedby=\"gallery-2-1270\" srcset=\"https:\/\/diewg.noblogs.org\/files\/2019\/09\/p1030997-1024x768.jpg 1024w, https:\/\/diewg.noblogs.org\/files\/2019\/09\/p1030997-300x225.jpg 300w, https:\/\/diewg.noblogs.org\/files\/2019\/09\/p1030997-768x576.jpg 768w\" sizes=\"auto, 100vw\" \/><\/a>\n\t\t\t<\/div>\n\t\t\t\t<figcaption class='wp-caption-text gallery-caption' id='gallery-2-1270'>\n\t\t\t\tBilder ebenfalls von barrikade\n\t\t\t\t<\/figcaption><\/figure><figure class='gallery-item'>\n\t\t\t<div class='gallery-icon landscape'>\n\t\t\t\t<a href='https:\/\/diewg.noblogs.org\/files\/2019\/09\/p1030999.jpg'><img loading=\"lazy\" decoding=\"async\" width=\"525\" height=\"394\" src=\"https:\/\/diewg.noblogs.org\/files\/2019\/09\/p1030999-1024x768.jpg\" class=\"attachment-large size-large\" alt=\"\" srcset=\"https:\/\/diewg.noblogs.org\/files\/2019\/09\/p1030999-1024x768.jpg 1024w, https:\/\/diewg.noblogs.org\/files\/2019\/09\/p1030999-300x225.jpg 300w, https:\/\/diewg.noblogs.org\/files\/2019\/09\/p1030999-768x576.jpg 768w\" sizes=\"auto, 100vw\" \/><\/a>\n\t\t\t<\/div><\/figure>\n\t\t<\/div>\n\n<p>&nbsp;<\/p>\n<\/div>\n<h1><strong>Juli 2019: Banner and graffiti appeared at the PoWa <\/strong><\/h1>\n<div id='gallery-3' class='gallery galleryid-1114 gallery-columns-2 gallery-size-large'><figure class='gallery-item'>\n\t\t\t<div class='gallery-icon landscape'>\n\t\t\t\t<a href='https:\/\/diewg.noblogs.org\/files\/2019\/07\/IMG_0992.cleaned.jpg'><img loading=\"lazy\" decoding=\"async\" width=\"525\" height=\"394\" src=\"https:\/\/diewg.noblogs.org\/files\/2019\/07\/IMG_0992.cleaned-1024x768.jpg\" class=\"attachment-large size-large\" alt=\"\" srcset=\"https:\/\/diewg.noblogs.org\/files\/2019\/07\/IMG_0992.cleaned-1024x768.jpg 1024w, https:\/\/diewg.noblogs.org\/files\/2019\/07\/IMG_0992.cleaned-300x225.jpg 300w, https:\/\/diewg.noblogs.org\/files\/2019\/07\/IMG_0992.cleaned-768x576.jpg 768w\" sizes=\"auto, 100vw\" \/><\/a>\n\t\t\t<\/div><\/figure><figure class='gallery-item'>\n\t\t\t<div class='gallery-icon landscape'>\n\t\t\t\t<a href='https:\/\/diewg.noblogs.org\/files\/2019\/07\/IMG_0968.cleaned.jpg'><img loading=\"lazy\" decoding=\"async\" width=\"525\" height=\"394\" src=\"https:\/\/diewg.noblogs.org\/files\/2019\/07\/IMG_0968.cleaned-1024x768.jpg\" class=\"attachment-large size-large\" alt=\"\" srcset=\"https:\/\/diewg.noblogs.org\/files\/2019\/07\/IMG_0968.cleaned-1024x768.jpg 1024w, https:\/\/diewg.noblogs.org\/files\/2019\/07\/IMG_0968.cleaned-300x225.jpg 300w, https:\/\/diewg.noblogs.org\/files\/2019\/07\/IMG_0968.cleaned-768x576.jpg 768w\" sizes=\"auto, 100vw\" \/><\/a>\n\t\t\t<\/div><\/figure>\n\t\t<\/div>\n\n<p>&nbsp;<\/p>\n<p>&nbsp;<\/p>\n","protected":false},"excerpt":{"rendered":"<p>Here we document actions around the Squatting days and those that reference these. If you find texts, pictures, etc. send them via email! 20.10.2019: Stadtbau Freiburg attacked with color &#8220;Today the office of the &#8220;Stadtbau&#8221; was attacked with &#8220;coloreggs&#8221;. With that action, some &#8220;concerned citizens&#8221; wanted to show the failure of the cityplanning of the &hellip; <\/p>\n<p class=\"link-more\"><a href=\"https:\/\/diewg.noblogs.org\/en-US\/dokumentation\/\" class=\"more-link\">Continue reading<span class=\"screen-reader-text\"> &#8220;documentation&#8221;<\/span><\/a><\/p>\n","protected":false},"author":13310,"featured_media":0,"parent":0,"menu_order":0,"comment_status":"closed","ping_status":"closed","template":"","meta":{"_locale":"en_US","_original_post":"1046","footnotes":""},"class_list":["post-1114","page","type-page","status-publish","hentry","en-US"],"_links":{"self":[{"href":"https:\/\/diewg.noblogs.org\/wp-json\/wp\/v2\/pages\/1114","targetHints":{"allow":["GET"]}}],"collection":[{"href":"https:\/\/diewg.noblogs.org\/wp-json\/wp\/v2\/pages"}],"about":[{"href":"https:\/\/diewg.noblogs.org\/wp-json\/wp\/v2\/types\/page"}],"author":[{"embeddable":true,"href":"https:\/\/diewg.noblogs.org\/wp-json\/wp\/v2\/users\/13310"}],"replies":[{"embeddable":true,"href":"https:\/\/diewg.noblogs.org\/wp-json\/wp\/v2\/comments?post=1114"}],"version-history":[{"count":7,"href":"https:\/\/diewg.noblogs.org\/wp-json\/wp\/v2\/pages\/1114\/revisions"}],"predecessor-version":[{"id":1909,"href":"https:\/\/diewg.noblogs.org\/wp-json\/wp\/v2\/pages\/1114\/revisions\/1909"}],"wp:attachment":[{"href":"https:\/\/diewg.noblogs.org\/wp-json\/wp\/v2\/media?parent=1114"}],"curies":[{"name":"wp","href":"https:\/\/api.w.org\/{rel}","templated":true}]}}