{"id":1075,"date":"2019-09-19T17:00:14","date_gmt":"2019-09-19T15:00:14","guid":{"rendered":"https:\/\/diewg.noblogs.org\/?page_id=1075"},"modified":"2019-10-19T12:20:30","modified_gmt":"2019-10-19T10:20:30","slug":"rechtliches","status":"publish","type":"page","link":"https:\/\/diewg.noblogs.org\/en-US\/rechtliches\/","title":{"rendered":"legal info"},"content":{"rendered":"<p>At a squat it&#8217;s important to know the legal situation and to know what legal consequences can be. For this we have made a flyer,<a href=\"https:\/\/diewg.noblogs.org\/en\/translations\/\"> check it out here<\/a>!<\/p>\n<p style=\"text-align: center\"><strong>\u00a0<span style=\"color: #ff0000\"> Squatting Days legal team: 0049 (0) 761 409 72 51<\/span><br \/>\n<\/strong><span style=\"color: #ff0000\">Call this number if you or somebody else is arrested or if you need urgent legal support!<\/span><\/p>\n<p>If you were arrested at a squat, at the Squatting Days or during a related action or get letters from police or court, please contact the anti-repression team:\u00a0 squatfreiburg_antirep[at<span class=\"\">]ungehorsam[dot]ch! (PGP Key soon here).<\/span><\/p>\n<p>Der <strong>Ermittlungsausschuss Freiburg<\/strong> h\u00e4lt umfassende Informationen zum Thema Repressionen bereit. W\u00e4hrend und nach Aktionen fungiert der EA als rechtliche Unterst\u00fctzung f\u00fcr Menschen in der Gefangenensammelstelle (GeSa) und Supporter*innen und stellt ggf. schnelle Kontakte zu Anw\u00e4lt*innen her. Die Website erreicht ihr <a href=\"https:\/\/eafreiburg.noblogs.org\">hier<\/a>.<br \/>\nIhr k\u00f6nnt ihr den EA unter folgender Nummer erreichen:<strong> 0761\/4097251<br \/>\n<\/strong>Am Montag von 19-20 Uhr hat der EA in der KTS (Baslerstr. 103) Sprechstunde.<\/p>\n<p>&nbsp;<\/p>\n<p>&nbsp;<\/p>\n","protected":false},"excerpt":{"rendered":"<p>At a squat it&#8217;s important to know the legal situation and to know what legal consequences can be. For this we have made a flyer, check it out here! \u00a0 Squatting Days legal team: 0049 (0) 761 409 72 51 Call this number if you or somebody else is arrested or if you need urgent &hellip; <\/p>\n<p class=\"link-more\"><a href=\"https:\/\/diewg.noblogs.org\/en-US\/rechtliches\/\" class=\"more-link\">Continue reading<span class=\"screen-reader-text\"> &#8220;legal info&#8221;<\/span><\/a><\/p>\n","protected":false},"author":13310,"featured_media":0,"parent":0,"menu_order":0,"comment_status":"closed","ping_status":"closed","template":"","meta":{"_locale":"en_US","_original_post":"599","footnotes":""},"class_list":["post-1075","page","type-page","status-publish","hentry","en-US"],"_links":{"self":[{"href":"https:\/\/diewg.noblogs.org\/wp-json\/wp\/v2\/pages\/1075","targetHints":{"allow":["GET"]}}],"collection":[{"href":"https:\/\/diewg.noblogs.org\/wp-json\/wp\/v2\/pages"}],"about":[{"href":"https:\/\/diewg.noblogs.org\/wp-json\/wp\/v2\/types\/page"}],"author":[{"embeddable":true,"href":"https:\/\/diewg.noblogs.org\/wp-json\/wp\/v2\/users\/13310"}],"replies":[{"embeddable":true,"href":"https:\/\/diewg.noblogs.org\/wp-json\/wp\/v2\/comments?post=1075"}],"version-history":[{"count":5,"href":"https:\/\/diewg.noblogs.org\/wp-json\/wp\/v2\/pages\/1075\/revisions"}],"predecessor-version":[{"id":1697,"href":"https:\/\/diewg.noblogs.org\/wp-json\/wp\/v2\/pages\/1075\/revisions\/1697"}],"wp:attachment":[{"href":"https:\/\/diewg.noblogs.org\/wp-json\/wp\/v2\/media?parent=1075"}],"curies":[{"name":"wp","href":"https:\/\/api.w.org\/{rel}","templated":true}]}}