{"id":1067,"date":"2019-09-19T17:04:56","date_gmt":"2019-09-19T15:04:56","guid":{"rendered":"https:\/\/diewg.noblogs.org\/?page_id=1067"},"modified":"2019-10-28T19:49:03","modified_gmt":"2019-10-28T18:49:03","slug":"live-ticker-en","status":"publish","type":"page","link":"https:\/\/diewg.noblogs.org\/en-US\/live-ticker-en\/","title":{"rendered":"live ticker"},"content":{"rendered":"<p><strong>Our liveticker can be found <\/strong><strong><a href=\"https:\/\/aktionsticker.org\/\">HERE<\/a>!<\/strong><\/p>\n<p><strong>Monday, 28.10.<\/strong><\/p>\n<p>Today there was a press conference and we thank you for the lively interest in squatting and the &#8220;Squatting Days&#8221;.<\/p>\n<p>Event note for tonight, 19h in Kyosk at &#8220;Im Gr\u00fcn&#8221;:<\/p>\n<p>Matriarchic Monday by femBPM<br \/>\nThe feminist DJ collective* femBPM on decks &#8211; with changing genres, slow and fast beats, with and without lyrics, but always against patriarchy.<\/p>\n<p>++ We wish ourselves a respectful and good togetherness &#8211; so please pay attention to your own limits and those of your fellow people*! ++<\/p>\n<p><strong>Sunday 27.10<\/strong><\/p>\n<p>Hello, here is a short update from Sunday.<br \/>\nOn Saturday even two people were allowed leave by the police without giving personal details. Furthermore it&#8217;s especially remarkable how one person in the Kronenstra\u00dfe could escape the cops again while there were many of them and SEK. If they wondered if there were more on the roof at the beginning than in the GESA, they probably didn&#8217;t expect the &#8220;Punk im Schrank&#8221; (punk in the wardrobe). Or maybe the Kronenstra\u00dfe is also connected to the tunnel system to the Hambi, who knows?&#8230;<\/p>\n<p>On Sunday there was Cornern at the holy cathedral and in the St\u00fchlingerpark, where the Cops unfortunately regularly carry out racist controls.<br \/>\nAt an open plenum we reflected a little bit and reviewed the past days, but we are curious what will happen in the future&#8230;<\/p>\n<p><strong>Sunday, 27.10<\/strong><\/p>\n<p>15:00 Die Cop&#8217;s und die Secus finden die PoWa und die Kronenstra\u00dfe doch ganz attraktiv &#8211; haben sich vor den H\u00e4usern ein Wohnmobil und Kastenwagen eingerichtet und lungern rum! Ach? Gibt es doch nicht gen\u00fcgend Wohnraum f\u00fcr Alle oder was?<\/p>\n<p><span class=\"css-901oao css-16my406 r-1qd0xha r-ad9z0x r-bcqeeo r-qvutc0\">12:00 Cornern im St\u00fchli! 20-30 Menschen ohne einen Platzverweis der Innenstadt <\/span><span class=\"css-901oao css-16my406 r-1qd0xha r-ad9z0x r-bcqeeo r-qvutc0\"> verl\u00e4ngern das Fr\u00fchst\u00fcck im St\u00fchlinger Park. Keine Cop&#8217;s zu sehen, gute Stimmung. Kommt dazu!<\/span><\/p>\n<div dir=\"auto\" lang=\"de\"><img loading=\"lazy\" decoding=\"async\" class=\"css-9pa8cd\" src=\"https:\/\/abs-0.twimg.com\/emoji\/v2\/svg\/1f63c.svg\" alt=\"????\" width=\"97\" height=\"97\" \/><\/div>\n<div dir=\"auto\" lang=\"de\"><\/div>\n<p><strong>Saturday, 26.10.<\/strong><\/p>\n<p>21:30 The concert of Arbeitstitel Tortenschlacht will take place in the KTS later on!<\/p>\n<p>21:25 All activists are free, one person also without giving the ID. The others got a ban for the city centre, or if they live in the city house arrest.<\/p>\n<p>20:35 An activist has heared, how a person of color was abused in the police station. Then the person was dragged past the activist&#8217;s cell, his hands and feet tied, his upper body naked and bleeding in his face. Is that everyday life at &#8220;Revier S\u00fcd&#8221;?<\/p>\n<p>20:30 8 persons from the Kronenstra\u00dfe are free now, but there are still some inside<br \/>\nArbeitstitel Tortenschlacht will make their concert at 21:30 in front of the GESA<\/p>\n<p>18:00 Another person escaped the claws of the repression institutions at Revier s\u00fcd<\/p>\n<p>17:40 programme for today&#8217;s evening<br \/>\n18h Workshop: Radical Cheerleading at Grethergel\u00e4nde<br \/>\n19h30 Film and discussion: &#8220;Deckname Jenny&#8221; at KTS<\/p>\n<p>17:30 The three persons that were arrested today before the squat are free, but have been banned from the city centre until tomorrow evening 12pm. Otherwise they are threatened to be arrested with a court order.<\/p>\n<p>17:30 Currently there is a city walk in the context of the critical introduction days at the university: The matching city walk to your completely absurdly high rent. Attractions: The villa of real estate capitalist J. Sauer, luxury &#8220;renovated&#8221; residential areas, vacant villas, and Freiburg&#8217;s right-wing most extreme fraternity.<\/p>\n<p>17:15 3 persons from 16 arrested persons are free now<\/p>\n<p>17:13 One person, who was arrested in front of the police station, is out again, but has to stay at home untill tomorrow at 12pm\u00a0 (house arrest)<\/p>\n<p>16:25 All persons, that wait in front of Revier S\u00fcd got a sending-off from the street and are drangsalised and filmed by cops. No criminialisation of &#8220;wau\u00edting for people&#8221;!<\/p>\n<p>15:59 No support at Revier Nord, many cops<br \/>\nAt Revier S\u00fcd, there are many people and good mood. It&#8217;s not completely clear how many persons are inside<\/p>\n<p>15:30 One person from Gesa-Support was arrested<\/p>\n<p>15:14 Police is in contact with a judge. For 3 persons they annouced detainment till 5pm. All persons in the house are arrested and one press person!<\/p>\n<p>14:53 police takes photos of masked persons with digitalcameras. The Police Freiburg has taken down their badges, so they won&#8217;t be recognized<\/p>\n<p>14:40 last person was taken from the roof<br \/>\nit&#8217;s unclear what will happen with the ~10 persons<\/p>\n<p>14:31 One last person on the roof- sek around, don&#8217;t know what to do<\/p>\n<p>14:27 SEK is on the roof. people are shouting<\/p>\n<p>14:21 SEK close to the people on the roof. They destroy things they pass- maybe they are bored<\/p>\n<p>14:19 In front of the house is a lifitng plattform<\/p>\n<p>14:18 People made a blockade infront of the house, police pushed them away. SEK is inside the house<\/p>\n<p>14:10 SEK is there, supportis have been hitten away<\/p>\n<p>14:04 cops linger at the petrol station at the tramstop &#8220;Reiterstra\u00dfe&#8221;<\/p>\n<p>13:47 Cops leav at &#8220;Revier S\u00fcd&#8221; with lifting platform<\/p>\n<p>13:46 the person is brought to &#8220;Revier S\u00fcd&#8221;<\/p>\n<p>13:28 One person ran through the police line and is now getting arrested. Police lines on the right and left from the house. Mood is perfect, music is there as well. ~50 supportis are there<\/p>\n<p>13:22 Workshop &#8216;Let&#8217;s talk about gender, baby. Kleine Einf\u00fchrung in Feminismus, Gender &amp; Antisexistische Praxis&#8217; von ignite! findet heute 15 Uhr in der KTS statt. Kommt vorbei oder unterst\u00fctzt die akut r\u00e4umungsbedrohte Besetzung!<\/p>\n<p>13:12\u00a0 SEK prepares on the backyard in the Heinrich-von-Stephan-Stra\u00dfe<\/p>\n<p>13:03 drone flies back to &#8220;Revier s\u00fcd&#8221;. It&#8217;s likely that the SEK operation will be started from there.<\/p>\n<p>13:01 a drone was flying over the roof. police checkt the garden. sek is preparing in a street nearby. seams like the eviction gonna be soon<\/p>\n<p>12:49 Black Mercedes Benz FR PQ 889 with political police and another black van with police. Zivis are hangig arround. More people are coming<\/p>\n<p>12:35 SEK is preparing at the police station south<\/p>\n<p>12:18 2 cop cars, 6 vans- we can&#8217;t gues right now, what they plan to do. People are shouting<\/p>\n<p>11:59 30 people infront of the house, the road is blocked by the police<\/p>\n<p>11:35 3 people are at the police station south, close to the squatted house. People have been sent off until 4 pm- what does this mean..<\/p>\n<p>11:16 3 police vans with flashing blue light arrived. Police went out. Supportis which have been sent off and went close to the balkony have been arrested<\/p>\n<p>10:00 People on the roof have seen how supporters on the other side of the road have been sent away.<\/p>\n<p>09:28 People inside and on the roof are fine. there is no police, but one civi car. It&#8217;s possible to go in. People wish support from outside<\/p>\n<p><a href=\"https:\/\/diewg.noblogs.org\/files\/2019\/10\/Soli_Transpi_Nachbarschaft.jpg\"><img loading=\"lazy\" decoding=\"async\" class=\"alignnone size-large wp-image-2272\" src=\"https:\/\/diewg.noblogs.org\/files\/2019\/10\/Soli_Transpi_Nachbarschaft-1024x792.jpg\" alt=\"\" width=\"525\" height=\"406\" srcset=\"https:\/\/diewg.noblogs.org\/files\/2019\/10\/Soli_Transpi_Nachbarschaft-1024x792.jpg 1024w, https:\/\/diewg.noblogs.org\/files\/2019\/10\/Soli_Transpi_Nachbarschaft-300x232.jpg 300w, https:\/\/diewg.noblogs.org\/files\/2019\/10\/Soli_Transpi_Nachbarschaft-768x594.jpg 768w, https:\/\/diewg.noblogs.org\/files\/2019\/10\/Soli_Transpi_Nachbarschaft.jpg 1480w\" sizes=\"auto, (max-width: 525px) 100vw, 525px\" \/><\/a><\/p>\n<p>04:15 Soli-Transpi from opposite &#8220;Finally new neighbours* #squat&#8221; &#8211; Thanks &lt;3<br \/>\nto keep it that way it needs your solidarity! Come along, bring food, blankets or just yourselves and be there tomorrow morning! For breakfast in front of the occupied house or already in the next hours.<br \/>\nNot that the police or the SEK are clearing this secretly. Be there, show solidarity, bring things with you and stay creative. Occupations live from the support they receive!<\/p>\n<p>02:06 There are no cops and the street is not blockaded anymore- traffic starts again<\/p>\n<p><span class=\"css-901oao css-16my406 r-1qd0xha r-ad9z0x r-bcqeeo r-qvutc0\">01:50 Nabours fixed a banner at their house, on which it is written, that they welcome their new nabours \ud83d\ude42<\/span><\/p>\n<p>01:48 Information from inside: it is beautiful and relaxing. The nabourhood is nice and donated a mattress. It&#8217;s possible to go in. They are happy about visitors, food and blankets<\/p>\n<p>01:39 There are not so many cops anymore, just one car, no kettle. You can pass by bike without beeing controled. There are still people inside and infront. They wish support<\/p>\n<p>00:42 Police consfiscated and kettled dinks and the soundsystem until tomorrow. People want to party, but there is no music&#8230; and the wish support- blankets and snacks<\/p>\n<p>00:25 The police confiscated beer<\/p>\n<p>00:12 People got ID controle in a street near by- Take care of each other! Last song of the band<\/p>\n<p><strong>Friday, 25.10.<\/strong><\/p>\n<p><a href=\"https:\/\/diewg.noblogs.org\/files\/2019\/10\/K21_1.jpg\"><img loading=\"lazy\" decoding=\"async\" class=\"alignnone size-large wp-image-2242\" src=\"https:\/\/diewg.noblogs.org\/files\/2019\/10\/K21_1-1024x683.jpg\" alt=\"\" width=\"525\" height=\"350\" srcset=\"https:\/\/diewg.noblogs.org\/files\/2019\/10\/K21_1-1024x683.jpg 1024w, https:\/\/diewg.noblogs.org\/files\/2019\/10\/K21_1-300x200.jpg 300w, https:\/\/diewg.noblogs.org\/files\/2019\/10\/K21_1-768x512.jpg 768w\" sizes=\"auto, (max-width: 525px) 100vw, 525px\" \/><\/a><\/p>\n<p>23.44 The band is still playing. cops are not in front of the house, but at the street close to it<\/p>\n<p>23.05 People are on the balkony, a sambaband is playing<\/p>\n<p>23.00 Kronstra\u00dfe 21 is squattet. The party is going on. Come around!<\/p>\n<p>15:30 Today there is the dance-demonstration against repression and surveillance. It starts at 6 pm at the St\u00fchinger Kirchplatz<\/p>\n<p><strong>Thursday, 24.10.<\/strong> The ticker was not working. We are sorry for that. Now it is running again \ud83d\ude42<\/p>\n<p><strong><em>Wednesday 23.10<\/em><\/strong><\/p>\n<p>19:15 Tonight there was a radio broadcast on Squattingdays at Radio Dreyeckland<br \/>\nrdl.de\/beitrag\/nutzungsideen-mangelt-es-nicht<\/p>\n<audio class=\"wp-audio-shortcode\" id=\"audio-1067-1\" preload=\"none\" style=\"width: 100%;\" controls=\"controls\"><source type=\"audio\/mpeg\" src=\"https:\/\/diewg.noblogs.org\/files\/2019\/10\/Nutzungsideen_radio_dreyeckland.mp3?_=1\" \/><a href=\"https:\/\/diewg.noblogs.org\/files\/2019\/10\/Nutzungsideen_radio_dreyeckland.mp3\">https:\/\/diewg.noblogs.org\/files\/2019\/10\/Nutzungsideen_radio_dreyeckland.mp3<\/a><\/audio>\n<p>&nbsp;<\/p>\n<p><strong>19:30 the programm for today&#8217;s evening:<\/strong><br \/>\n<strong>20:00 Lecture with book presentation <\/strong><a class=\"spip_in\" href=\"https:\/\/www.kts-freiburg.org\/?article2844\">&#8220;K\u00fcnstliche Intelligenz &#8211; digitalisierte Fremdbestimmung&#8221;<\/a> (machine intelligence &#8211; digitalised heteronomy) with the author collective Capulcu (EA Freiburg)<br \/>\n<strong>21:30 Konzerte<\/strong>: <a class=\"spip_out\" href=\"https:\/\/drmoksha.bandcamp.com\" rel=\"external\">DR MOKSHA<\/a> (indy), <a class=\"spip_in\" href=\"https:\/\/www.kts-freiburg.org\/?article2864\">Hedvig<\/a> (Metal), <a class=\"spip_in\" href=\"https:\/\/www.kts-freiburg.org\/?article2864\">Blank!<\/a> (Punk\/Hardcore), Sound of smoke (rauchfrei)<br \/>\n<strong>22:30 Film+Diskussion<\/strong> &#8220;Verdr\u00e4ngung hat viele Gesichter&#8221; (extrusion has manyfaces)<\/p>\n<p><em><strong>Tuesday 22.20<\/strong><\/em><\/p>\n<p>19:20 article sur le manifestation contre LITEF GmbH \u00e0 Fribourg<br \/>\n<a href=\"https:\/\/de.indymedia.org\/node\/41860\">https:\/\/de.indymedia.org\/node\/41860<\/a><\/p>\n<p>18:30 This evening a lecture takes place in the context of the autonomous culture week in the KTS around 19Uhr to the conditions of the things in the procedure around <a href=\"http:\/\/linksunten.indymedia.org\">http:\/\/linksunten.indymedia.org<\/a> in the KTS. After that there will be a concert at 9 pm with Fruits of Wrath and 11 pm with Hadji Ahmed+Boom.<\/p>\n<div class=\"ui fluid card\">\n<div class=\"content\">\n<div>16:15 audio of the concert by David Rovics in the squat Gilgenmattenweg 28 last night<\/div>\n<div>\n<audio class=\"wp-audio-shortcode\" id=\"audio-1067-2\" preload=\"none\" style=\"width: 100%;\" controls=\"controls\"><source type=\"audio\/mpeg\" src=\"https:\/\/diewg.noblogs.org\/files\/2019\/10\/19-10-22-david-rovics-at-squatting-days-freiburg.mp3?_=2\" \/><a href=\"https:\/\/diewg.noblogs.org\/files\/2019\/10\/19-10-22-david-rovics-at-squatting-days-freiburg.mp3\">https:\/\/diewg.noblogs.org\/files\/2019\/10\/19-10-22-david-rovics-at-squatting-days-freiburg.mp3<\/a><\/audio>\n<\/div>\n<div>13:30 The manifestation in front of the weapons exporting company Northrop Grumman LITEF GmbH at L\u00f6racherstra\u00dfe 18 in Turkey is in progress. Stop the war in Syria! Solidarity with Rojava!<\/div>\n<div><\/div>\n<div>6:34 The last person is free again<\/div>\n<div class=\"ui fluid card\">\n<div><\/div>\n<div class=\"content\">\n<div class=\"ui fluid card\">\n<div class=\"content\">\n<p>4:55 One person is free again<\/p>\n<\/div>\n<\/div>\n<\/div>\n<\/div>\n<p>03:50 2 Persons are beeing brought to the south police station, probably for ID-control.<\/p>\n<p><span class=\"css-901oao css-16my406 r-1qd0xha r-ad9z0x r-bcqeeo r-qvutc0\">03:28 6 people outside, personal data control, photos and searches, after that the people are released on the spot, 7 people are still in the house. We wish you much strength and warmth! Show solidarity, support the people from the house.<\/span><\/p>\n<p>02:43 People will probably be brought to the gesa soon, as soon as we have more information about which one we will tell you. Get ready for a night shift in front of the gesa, people need suport!<\/p>\n<\/div>\n<\/div>\n<div class=\"ui fluid card\">\n<div class=\"content\">\n<p>02:30 Cops are inside<\/p>\n<\/div>\n<\/div>\n<div class=\"ui fluid card\">\n<div class=\"content\">\n<p>02:24 People hear loud dog barking noises and beating of the battering ram, it looks like eviction. Come around if you are still awake, people need suport urgently<\/p>\n<\/div>\n<\/div>\n<p>01:20 What a nice house&#8230; Some neighbors informed us, that another house next to this is also empty for a few years. let&#8217;s have a neighborhood of two squars \ud83d\ude09<\/p>\n<div class=\"ui fluid card\">\n<div class=\"content\">\n<div>\n<p><img decoding=\"async\" src=\"https:\/\/pbs.twimg.com\/media\/EHcCRaSX4AELtHc.jpg\" alt=\"\" data-aria-label-part=\"\" \/><\/p>\n<p>00: 47 cops are protecting the house, but are not inside still. The squatters will stay over night<\/p>\n<p>00:18 people outside are sent off, people are fine inside<\/p>\n<p>00:16 Press is there. 10 big cop cars, also with dogs. Again the two black busses from yesterday<\/p>\n<p>00:02 The mood infront of the house isn&#8217;t so good anymore. Cops are coming with a battering ram and the at least ten last supportis can&#8217;t see anything anymore.<\/p>\n<p><em><strong>Monday 21.10<\/strong><\/em><\/p>\n<p>23:59 Wrong information. Cops did not entered the house, they tried a bit but did not received.<\/p>\n<p>23.42 Cops entered the house and put all supportis apart.<\/p>\n<p>23.17 Cops kettled people in and outside of the gilge28. Nobody comes in or out.<\/p>\n<p>23.10 Four police vans in front of the house and a dog. It is still relaxed. Supportis nearby the house.<\/p>\n<p>23.00 The concert is going on. There are 50 people inside with candles<\/p>\n<p>22.40 There will be a concert of\u00a0 David Rovics soon. Take your umbrella, come and enjoy<\/p>\n<p>22.23 The Gilgenmattenweg 23 (Weingarten) is squatted. Come around!<\/p>\n<p>17:20 The second person is free as well. Both persons are free!<\/p>\n<p>16:42 One person is out of detention!<\/p>\n<p>16:10 evicted persons were brought to &#8220;Revier S\u00fcd&#8221; in &#8220;Heinrich-von-Stephan-Stra\u00dfe&#8221; Would be cool to go there and be loud.<\/p>\n<p>15:20 Eviction of POWA Now! SEK took the squatters from the roof with help from the fire brigade.<\/p>\n<\/div>\n<\/div>\n<\/div>\n<p>15:15 About four civil cops there and cops are getting more and five cop-cars were seen at the firefighter station at Eschholzstra\u00dfe on the other side of the river.<\/p>\n<p>15:10 Pressperson from the cops arrived and also Hochuli the head of operation. Next to that SWR (media) are preparing. Probably the evict soon!<\/p>\n<p>Ho Ho Hochuli \ud83d\ude1b<\/p>\n<p>14:20 Sources said that SEK is still checking the Drone images, but probably they still need a while. About 20 people infront of the house. Come around and tell your friends, so that eviction can not happen uncontradicted.<\/p>\n<p>14:10 SEK has taken a look on the Drone images and has driven away again.<\/p>\n<p>14:00 The eviction seems to be close before. Come along and bring your friends!<\/p>\n<p>13:50 Black transporters with car sign from B\u00f6blingen are there and masked Cops mit green and grey uniforms (probably SEK)<\/p>\n<p>13:30 Situation is chilled. So let&#8217;s go to some programm planning<span class=\"css-901oao css-16my406 r-1qd0xha r-ad9z0x r-bcqeeo r-qvutc0\">: At 3pm there is a feminist city ralley starting at G19, there will be a fotoexhibition, coffee and cake! At 7pm there will be the final ceremony and Vok\u00fc at KTS and afterwards many workshops and lectures. The programm can be found <a href=\"https:\/\/diewg.noblogs.org\/programm\/\">here<\/a> and <a href=\"https:\/\/www.kts-freiburg.org\/?article2850\">here!<\/a><\/span><\/p>\n<p>12:40 Situation is calm again. Less cops than before. Civil cops returned to Police station south.<\/p>\n<p>12:00 More cops, using a drone. Support needed.<\/p>\n<p>10:55 Four cop cars and around ten people for support plus people in the house. Press is here, also interviewing police, wich can&#8217;t tell any eviction plans. They might try in the afternoon. Be prepared. We stay!<\/p>\n<p>10:20 Cops observe the situation in front of the house. We appeal: don&#8217;t go trough the propety of the kindergarten next to the house. They did when we squat the building the first time and scared all the kids.<\/p>\n<p>09:55 We are still there. We had a good sleep last night and breakfast was delicious. The press is in front of the house.<\/p>\n<p>07:50 There are more people (about 20) infront of the house and some on the roof. The kindergarden nex to the POWA is open right now. Last time they evicted from the garden. We will infom them, so that the children are not to scared<\/p>\n<p>07:10 There is food and coffee infront of the house. The people inside slept well. Cops are there. The police said, that they want t evict before sunrise- it&#8217;s already late&#8230; Come to support the squatting!<\/p>\n<p><span class=\"tlid-translation translation\" lang=\"en\"><span class=\"\" title=\"\">00:08 Most cops have retreated and the squatters make themselves comfortable.<\/span> <span class=\"\" title=\"\">Tomorrow morning, support is desired &#8211; like already really early!<\/span> <span class=\"\" title=\"\">and if you can throw things quite well &#8211; the people on the roof are happy about some flying food;)<\/span><\/span><\/p>\n<p><strong><em>Sunday 20.10<\/em><\/strong><\/p>\n<p><span class=\"css-901oao css-16my406 r-1qd0xha r-ad9z0x r-bcqeeo r-qvutc0\">23:17 Police makes an announcement and threaten to evict the building with force. Activists* on the roof are supposed to be allowed to leave if they give personal details. No reaction. People in front of the house are asked by police to move away from the house and turn off the fire barrel. Estimated 35 people in front of the house. There is no prospect of evacuation yet.<br \/>\n<\/span><\/p>\n<p>23:00 <a href=\"https:\/\/diewg.noblogs.org\/\">A few pictures from the POWA!<\/a><\/p>\n<p>22:20 Activists don&#8217;t make it easy for the cops to come through<br \/>\n<a href=\"https:\/\/twitter.com\/RDL_Aktuell\/status\/1186013957288534017\">https:\/\/twitter.com\/RDL_Aktuell\/status\/1186013957288534017<\/a><\/p>\n<p>21:30 There&#8217;s a first interview with people at the POWA on RDL (Radiodreyeckland)<br \/>\n<a href=\"https:\/\/twitter.com\/RDL_Aktuell\/status\/1185987361710247942\" target=\"_blank\" rel=\"noopener noreferrer\">twitter.com\/RDL_Aktuell\/status\/1185987361710247942<\/a><\/p>\n<p>21:05 The fire brigade is there as well, one police car drove into the backyard. Mood is still good and chilled, music, food, cops are nerving.<\/p>\n<p>20.45 Uhr: The mobile Vok\u00fc has arrived (food!). Without food, no fight!<\/p>\n<p>20.30 Uhr: About 100 persons are there, many of them from the neighbourhood. 5 persons can be seen on the roof. police in front of the street and closes the road.<\/p>\n<p>20.03 Uhr: Police has two two dogs with them. Cops are filming. About 15 Riotcops.<\/p>\n<p>20.00 Uhr: A bigger police car and a prisoner transporter have been seen. Cops take on their clothing.<\/p>\n<p>19.55 Uhr: Two eviction cop cars arrived, about 10 cops of them nudge persons in front of the house.<\/p>\n<p>19.50 Uhr Cops try to close the entrance. People on the roof! 40 people in front of the house, two cop cars with lightsignals. &#8220;Ohne Helm und ohne Kn\u00fcppel seid ihr nichts&#8221; is called.<\/p>\n<p>20.10 19.40 Uhr The POWA (former policestation in the Fehrenbachaallee 52) is squatted again! One cop car and many supportis are there. People are shouting &#8220;Besetzen,halten, Wohnraum gestalten&#8221; (squat, keep, design living space). Come along and bring your friends!<\/p>\n<p>20.10 17 Uhr: open meeting starts soon<\/p>\n<p>20.10 02:30 Today the office of the &#8220;Stadtbau&#8221; was attacked with &#8220;coloreggs&#8221;. With that action, some &#8220;concerned citizens&#8221; wanted to show the failure of the cityplanning of the city of Freiburg. The institution &#8220;Stadtbau&#8221; is one of the institutions responsible for rising rents.\u00a0 14,50\u20ac for one squaremeter?!<br \/>\nDo squat, be reasonable!<\/p>\n<p><strong><em>Friday 18.10<\/em><\/strong><\/p>\n<p><strong>The legal team phone for the SquattingDays Freiburg ist now available and reachable.<\/strong><br \/>\n<strong>The Legal Team SquattingDays&#8217;s nummer is: 0049(0)761 4097251<\/strong><\/p>\n<p>&nbsp;<\/p>\n<p>18.10 16:30 Our infopoint is open and we&#8217;re looking foreward to welcome coming guests. Next to that the kitchen is getting ready for the evening and all of our structures are getting ready.<\/p>\n<p><a href=\"https:\/\/diewg.noblogs.org\/files\/2019\/10\/eingang.jpg\"><img loading=\"lazy\" decoding=\"async\" class=\"alignnone size-large wp-image-1775\" src=\"https:\/\/diewg.noblogs.org\/files\/2019\/10\/eingang-1024x768.jpg\" alt=\"\" width=\"525\" height=\"394\" srcset=\"https:\/\/diewg.noblogs.org\/files\/2019\/10\/eingang-1024x768.jpg 1024w, https:\/\/diewg.noblogs.org\/files\/2019\/10\/eingang-300x225.jpg 300w, https:\/\/diewg.noblogs.org\/files\/2019\/10\/eingang-768x576.jpg 768w\" sizes=\"auto, (max-width: 525px) 100vw, 525px\" \/><\/a><a href=\"https:\/\/diewg.noblogs.org\/files\/2019\/10\/gem\u00fcse.jpg\"><img loading=\"lazy\" decoding=\"async\" class=\"alignnone size-large wp-image-1776\" src=\"https:\/\/diewg.noblogs.org\/files\/2019\/10\/gem\u00fcse-1024x768.jpg\" alt=\"\" width=\"525\" height=\"394\" srcset=\"https:\/\/diewg.noblogs.org\/files\/2019\/10\/gem\u00fcse-1024x768.jpg 1024w, https:\/\/diewg.noblogs.org\/files\/2019\/10\/gem\u00fcse-300x225.jpg 300w, https:\/\/diewg.noblogs.org\/files\/2019\/10\/gem\u00fcse-768x576.jpg 768w\" sizes=\"auto, (max-width: 525px) 100vw, 525px\" \/><\/a>\u00a0 <a href=\"https:\/\/diewg.noblogs.org\/files\/2019\/10\/infopunkt.jpg\"><img loading=\"lazy\" decoding=\"async\" class=\"alignnone size-large wp-image-1777\" src=\"https:\/\/diewg.noblogs.org\/files\/2019\/10\/infopunkt-1024x768.jpg\" alt=\"\" width=\"525\" height=\"394\" srcset=\"https:\/\/diewg.noblogs.org\/files\/2019\/10\/infopunkt-1024x768.jpg 1024w, https:\/\/diewg.noblogs.org\/files\/2019\/10\/infopunkt-300x225.jpg 300w, https:\/\/diewg.noblogs.org\/files\/2019\/10\/infopunkt-768x576.jpg 768w\" sizes=\"auto, (max-width: 525px) 100vw, 525px\" \/><\/a><\/p>\n","protected":false},"excerpt":{"rendered":"<p>Our liveticker can be found HERE! Monday, 28.10. Today there was a press conference and we thank you for the lively interest in squatting and the &#8220;Squatting Days&#8221;. Event note for tonight, 19h in Kyosk at &#8220;Im Gr\u00fcn&#8221;: Matriarchic Monday by femBPM The feminist DJ collective* femBPM on decks &#8211; with changing genres, slow and &hellip; <\/p>\n<p class=\"link-more\"><a href=\"https:\/\/diewg.noblogs.org\/en-US\/live-ticker-en\/\" class=\"more-link\">Continue reading<span class=\"screen-reader-text\"> &#8220;live ticker&#8221;<\/span><\/a><\/p>\n","protected":false},"author":13310,"featured_media":0,"parent":0,"menu_order":0,"comment_status":"closed","ping_status":"closed","template":"","meta":{"_locale":"en_US","_original_post":"496","footnotes":""},"class_list":["post-1067","page","type-page","status-publish","hentry","en-US"],"_links":{"self":[{"href":"https:\/\/diewg.noblogs.org\/wp-json\/wp\/v2\/pages\/1067","targetHints":{"allow":["GET"]}}],"collection":[{"href":"https:\/\/diewg.noblogs.org\/wp-json\/wp\/v2\/pages"}],"about":[{"href":"https:\/\/diewg.noblogs.org\/wp-json\/wp\/v2\/types\/page"}],"author":[{"embeddable":true,"href":"https:\/\/diewg.noblogs.org\/wp-json\/wp\/v2\/users\/13310"}],"replies":[{"embeddable":true,"href":"https:\/\/diewg.noblogs.org\/wp-json\/wp\/v2\/comments?post=1067"}],"version-history":[{"count":107,"href":"https:\/\/diewg.noblogs.org\/wp-json\/wp\/v2\/pages\/1067\/revisions"}],"predecessor-version":[{"id":2477,"href":"https:\/\/diewg.noblogs.org\/wp-json\/wp\/v2\/pages\/1067\/revisions\/2477"}],"wp:attachment":[{"href":"https:\/\/diewg.noblogs.org\/wp-json\/wp\/v2\/media?parent=1067"}],"curies":[{"name":"wp","href":"https:\/\/api.w.org\/{rel}","templated":true}]}}